{"id":5335,"date":"2022-01-11T11:47:50","date_gmt":"2022-01-11T10:47:50","guid":{"rendered":"http:\/\/mysun.start\/?page_id=5335"},"modified":"2024-06-11T15:06:55","modified_gmt":"2024-06-11T13:06:55","slug":"collagene","status":"publish","type":"page","link":"https:\/\/mysun.ch\/de\/collagen\/","title":{"rendered":"Collagen"},"content":{"rendered":"<div data-elementor-type=\"wp-page\" data-elementor-id=\"5335\" data-post-id=\"5335\" data-obj-id=\"5335\" class=\"elementor elementor-5335 dce-elementor-post-5335\" data-elementor-settings=\"[]\">\n\t\t\t\t\t\t<div class=\"elementor-inner\">\n\t\t\t\t\t\t\t<div class=\"elementor-section-wrap\">\n\t\t\t\t\t\t\t<section class=\"elementor-section elementor-top-section elementor-element elementor-element-c18b46c elementor-section-boxed elementor-section-height-default elementor-section-height-default\" data-id=\"c18b46c\" data-element_type=\"section\">\n\t\t\t\t\t\t<div class=\"elementor-container elementor-column-gap-default\">\n\t\t\t\t\t\t\t<div class=\"elementor-row\">\n\t\t\t\t\t<div class=\"elementor-column elementor-col-100 elementor-top-column elementor-element elementor-element-555f2ce elementor-invisible\" data-id=\"555f2ce\" data-element_type=\"column\" data-settings=\"{&quot;animation&quot;:&quot;fadeIn&quot;}\">\n\t\t\t<div class=\"elementor-column-wrap elementor-element-populated\">\n\t\t\t\t\t\t\t<div class=\"elementor-widget-wrap\">\n\t\t\t\t\t\t<div class=\"elementor-element elementor-element-2d8b237 elementor-invisible elementor-widget elementor-widget-heading\" data-id=\"2d8b237\" data-element_type=\"widget\" data-settings=\"{&quot;_animation&quot;:&quot;fadeIn&quot;,&quot;_animation_delay&quot;:150}\" data-widget_type=\"heading.default\">\n\t\t\t\t<div class=\"elementor-widget-container\">\n\t\t\t<h2 class=\"elementor-heading-title elementor-size-default\">Verst\u00e4rkte Hautelastizit\u00e4t &amp; Anti-Aging<\/h2>\t\t<\/div>\n\t\t\t\t<\/div>\n\t\t\t\t<div class=\"elementor-element elementor-element-757afc1 elementor-invisible elementor-widget elementor-widget-heading\" data-id=\"757afc1\" data-element_type=\"widget\" data-settings=\"{&quot;_animation&quot;:&quot;fadeIn&quot;,&quot;_animation_delay&quot;:100}\" data-widget_type=\"heading.default\">\n\t\t\t\t<div class=\"elementor-widget-container\">\n\t\t\t<h1 class=\"elementor-heading-title elementor-size-default\">collagen\u2009<\/h1>\t\t<\/div>\n\t\t\t\t<\/div>\n\t\t\t\t<div class=\"elementor-element elementor-element-f224e35 elementor-widget-divider--view-line elementor-invisible elementor-widget elementor-widget-divider\" data-id=\"f224e35\" data-element_type=\"widget\" data-settings=\"{&quot;_animation&quot;:&quot;fadeIn&quot;,&quot;_animation_delay&quot;:200}\" data-widget_type=\"divider.default\">\n\t\t\t\t<div class=\"elementor-widget-container\">\n\t\t\t\t\t<div class=\"elementor-divider\">\n\t\t\t<span class=\"elementor-divider-separator\">\n\t\t\t\t\t\t<\/span>\n\t\t<\/div>\n\t\t\t\t<\/div>\n\t\t\t\t<\/div>\n\t\t\t\t<div class=\"elementor-element elementor-element-f308f55 dce_masking-none elementor-widget elementor-widget-image\" data-id=\"f308f55\" data-element_type=\"widget\" data-widget_type=\"image.default\">\n\t\t\t\t<div class=\"elementor-widget-container\">\n\t\t\t\t\t\t\t\t<div class=\"elementor-image\">\n\t\t\t\t\t\t\t\t\t\t\t\t<img decoding=\"async\" loading=\"lazy\" width=\"1920\" height=\"1280\" src=\"https:\/\/i0.wp.com\/mysun.ch\/wp-content\/uploads\/2022\/01\/Collagen.jpg?fit=1920%2C1280&amp;ssl=1\" class=\"attachment-full size-full\" alt=\"Lumiere collagene bronzage\" srcset=\"https:\/\/i0.wp.com\/mysun.ch\/wp-content\/uploads\/2022\/01\/Collagen.jpg?w=1920&amp;ssl=1 1920w, https:\/\/i0.wp.com\/mysun.ch\/wp-content\/uploads\/2022\/01\/Collagen.jpg?resize=300%2C200&amp;ssl=1 300w, https:\/\/i0.wp.com\/mysun.ch\/wp-content\/uploads\/2022\/01\/Collagen.jpg?resize=1024%2C683&amp;ssl=1 1024w, https:\/\/i0.wp.com\/mysun.ch\/wp-content\/uploads\/2022\/01\/Collagen.jpg?resize=768%2C512&amp;ssl=1 768w, https:\/\/i0.wp.com\/mysun.ch\/wp-content\/uploads\/2022\/01\/Collagen.jpg?resize=1536%2C1024&amp;ssl=1 1536w, https:\/\/i0.wp.com\/mysun.ch\/wp-content\/uploads\/2022\/01\/Collagen.jpg?resize=18%2C12&amp;ssl=1 18w, https:\/\/i0.wp.com\/mysun.ch\/wp-content\/uploads\/2022\/01\/Collagen.jpg?resize=1320%2C880&amp;ssl=1 1320w, https:\/\/i0.wp.com\/mysun.ch\/wp-content\/uploads\/2022\/01\/Collagen.jpg?resize=600%2C400&amp;ssl=1 600w\" sizes=\"(max-width: 1290px) 100vw, 1290px\" \/>\t\t\t\t\t\t\t\t\t\t\t\t\t\t<\/div>\n\t\t\t\t\t\t<\/div>\n\t\t\t\t<\/div>\n\t\t\t\t<div class=\"elementor-element elementor-element-4472ae4 elementor-widget elementor-widget-heading\" data-id=\"4472ae4\" data-element_type=\"widget\" data-widget_type=\"heading.default\">\n\t\t\t\t<div class=\"elementor-widget-container\">\n\t\t\t<h2 class=\"elementor-heading-title elementor-size-default\">Positive Auswirkungen von Collagen :<\/h2>\t\t<\/div>\n\t\t\t\t<\/div>\n\t\t\t\t<section class=\"elementor-section elementor-inner-section elementor-element elementor-element-0ee0499 elementor-section-boxed elementor-section-height-default elementor-section-height-default\" data-id=\"0ee0499\" data-element_type=\"section\">\n\t\t\t\t\t\t<div class=\"elementor-container elementor-column-gap-default\">\n\t\t\t\t\t\t\t<div class=\"elementor-row\">\n\t\t\t\t\t<div class=\"elementor-column elementor-col-50 elementor-inner-column elementor-element elementor-element-7abd346\" data-id=\"7abd346\" data-element_type=\"column\">\n\t\t\t<div class=\"elementor-column-wrap elementor-element-populated\">\n\t\t\t\t\t\t\t<div class=\"elementor-widget-wrap\">\n\t\t\t\t\t\t<div class=\"elementor-element elementor-element-8295d3e elementor-icon-list--layout-traditional elementor-list-item-link-full_width elementor-widget elementor-widget-icon-list\" data-id=\"8295d3e\" data-element_type=\"widget\" data-widget_type=\"icon-list.default\">\n\t\t\t\t<div class=\"elementor-widget-container\">\n\t\t\t\t\t<ul class=\"elementor-icon-list-items\">\n\t\t\t\t\t\t\t<li class=\"elementor-icon-list-item\">\n\t\t\t\t\t\t\t\t\t\t\t<span class=\"elementor-icon-list-icon\">\n\t\t\t\t\t\t\t<i aria-hidden=\"true\" class=\"fas fa-check\"><\/i>\t\t\t\t\t\t<\/span>\n\t\t\t\t\t\t\t\t\t\t<span class=\"elementor-icon-list-text\">Verbesserung der Hautstruktur<\/span>\n\t\t\t\t\t\t\t\t\t<\/li>\n\t\t\t\t\t\t\t\t<li class=\"elementor-icon-list-item\">\n\t\t\t\t\t\t\t\t\t\t\t<span class=\"elementor-icon-list-icon\">\n\t\t\t\t\t\t\t<i aria-hidden=\"true\" class=\"fas fa-check\"><\/i>\t\t\t\t\t\t<\/span>\n\t\t\t\t\t\t\t\t\t\t<span class=\"elementor-icon-list-text\">Reduzierung von Hautreizungen wie Neurodermitis, Schuppenflechte, Akne etc.<\/span>\n\t\t\t\t\t\t\t\t\t<\/li>\n\t\t\t\t\t\t\t\t<li class=\"elementor-icon-list-item\">\n\t\t\t\t\t\t\t\t\t\t\t<span class=\"elementor-icon-list-icon\">\n\t\t\t\t\t\t\t<i aria-hidden=\"true\" class=\"fas fa-check\"><\/i>\t\t\t\t\t\t<\/span>\n\t\t\t\t\t\t\t\t\t\t<span class=\"elementor-icon-list-text\">Anregung der eigenen Kollagenproduktion der Haut<\/span>\n\t\t\t\t\t\t\t\t\t<\/li>\n\t\t\t\t\t\t\t\t<li class=\"elementor-icon-list-item\">\n\t\t\t\t\t\t\t\t\t\t\t<span class=\"elementor-icon-list-icon\">\n\t\t\t\t\t\t\t<i aria-hidden=\"true\" class=\"fas fa-check\"><\/i>\t\t\t\t\t\t<\/span>\n\t\t\t\t\t\t\t\t\t\t<span class=\"elementor-icon-list-text\">Sanfte Br\u00e4une, die Ihre Haut strahlend frisch aussehen l\u00e4sst<\/span>\n\t\t\t\t\t\t\t\t\t<\/li>\n\t\t\t\t\t\t\t\t<li class=\"elementor-icon-list-item\">\n\t\t\t\t\t\t\t\t\t\t\t<span class=\"elementor-icon-list-icon\">\n\t\t\t\t\t\t\t<i aria-hidden=\"true\" class=\"fas fa-check\"><\/i>\t\t\t\t\t\t<\/span>\n\t\t\t\t\t\t\t\t\t\t<span class=\"elementor-icon-list-text\">Vorbeugung von Falten und Reduzierung von feinen Linien<\/span>\n\t\t\t\t\t\t\t\t\t<\/li>\n\t\t\t\t\t\t\t\t<li class=\"elementor-icon-list-item\">\n\t\t\t\t\t\t\t\t\t\t\t<span class=\"elementor-icon-list-icon\">\n\t\t\t\t\t\t\t<i aria-hidden=\"true\" class=\"fas fa-check\"><\/i>\t\t\t\t\t\t<\/span>\n\t\t\t\t\t\t\t\t\t\t<span class=\"elementor-icon-list-text\">Beseitigung von Hautunreinheiten, R\u00f6tungen oder Schwellungen<\/span>\n\t\t\t\t\t\t\t\t\t<\/li>\n\t\t\t\t\t\t<\/ul>\n\t\t\t\t<\/div>\n\t\t\t\t<\/div>\n\t\t\t\t\t\t<\/div>\n\t\t\t\t\t<\/div>\n\t\t<\/div>\n\t\t\t\t<div class=\"elementor-column elementor-col-50 elementor-inner-column elementor-element elementor-element-53b22d5\" data-id=\"53b22d5\" data-element_type=\"column\">\n\t\t\t<div class=\"elementor-column-wrap elementor-element-populated\">\n\t\t\t\t\t\t\t<div class=\"elementor-widget-wrap\">\n\t\t\t\t\t\t<div class=\"elementor-element elementor-element-caddbe3 elementor-icon-list--layout-traditional elementor-list-item-link-full_width elementor-widget elementor-widget-icon-list\" data-id=\"caddbe3\" data-element_type=\"widget\" data-widget_type=\"icon-list.default\">\n\t\t\t\t<div class=\"elementor-widget-container\">\n\t\t\t\t\t<ul class=\"elementor-icon-list-items\">\n\t\t\t\t\t\t\t<li class=\"elementor-icon-list-item\">\n\t\t\t\t\t\t\t\t\t\t\t<span class=\"elementor-icon-list-icon\">\n\t\t\t\t\t\t\t<i aria-hidden=\"true\" class=\"fas fa-check\"><\/i>\t\t\t\t\t\t<\/span>\n\t\t\t\t\t\t\t\t\t\t<span class=\"elementor-icon-list-text\">Bildung von Vitamin D<\/span>\n\t\t\t\t\t\t\t\t\t<\/li>\n\t\t\t\t\t\t\t\t<li class=\"elementor-icon-list-item\">\n\t\t\t\t\t\t\t\t\t\t\t<span class=\"elementor-icon-list-icon\">\n\t\t\t\t\t\t\t<i aria-hidden=\"true\" class=\"fas fa-check\"><\/i>\t\t\t\t\t\t<\/span>\n\t\t\t\t\t\t\t\t\t\t<span class=\"elementor-icon-list-text\">Ihr Teint wird strahlender<\/span>\n\t\t\t\t\t\t\t\t\t<\/li>\n\t\t\t\t\t\t\t\t<li class=\"elementor-icon-list-item\">\n\t\t\t\t\t\t\t\t\t\t\t<span class=\"elementor-icon-list-icon\">\n\t\t\t\t\t\t\t<i aria-hidden=\"true\" class=\"fas fa-check\"><\/i>\t\t\t\t\t\t<\/span>\n\t\t\t\t\t\t\t\t\t\t<span class=\"elementor-icon-list-text\">Collagen, Elastin und Hyaluron werden von innen heraus aufgebaut<\/span>\n\t\t\t\t\t\t\t\t\t<\/li>\n\t\t\t\t\t\t\t\t<li class=\"elementor-icon-list-item\">\n\t\t\t\t\t\t\t\t\t\t\t<span class=\"elementor-icon-list-icon\">\n\t\t\t\t\t\t\t<i aria-hidden=\"true\" class=\"fas fa-check\"><\/i>\t\t\t\t\t\t<\/span>\n\t\t\t\t\t\t\t\t\t\t<span class=\"elementor-icon-list-text\">Reduzierung von Falten<\/span>\n\t\t\t\t\t\t\t\t\t<\/li>\n\t\t\t\t\t\t\t\t<li class=\"elementor-icon-list-item\">\n\t\t\t\t\t\t\t\t\t\t\t<span class=\"elementor-icon-list-icon\">\n\t\t\t\t\t\t\t<i aria-hidden=\"true\" class=\"fas fa-check\"><\/i>\t\t\t\t\t\t<\/span>\n\t\t\t\t\t\t\t\t\t\t<span class=\"elementor-icon-list-text\">Verlangsamt den Prozess der Hautalterung<\/span>\n\t\t\t\t\t\t\t\t\t<\/li>\n\t\t\t\t\t\t<\/ul>\n\t\t\t\t<\/div>\n\t\t\t\t<\/div>\n\t\t\t\t\t\t<\/div>\n\t\t\t\t\t<\/div>\n\t\t<\/div>\n\t\t\t\t\t\t\t\t<\/div>\n\t\t\t\t\t<\/div>\n\t\t<\/section>\n\t\t\t\t\t\t<\/div>\n\t\t\t\t\t<\/div>\n\t\t<\/div>\n\t\t\t\t\t\t\t\t<\/div>\n\t\t\t\t\t<\/div>\n\t\t<\/section>\n\t\t\t\t\t\t<\/div>\n\t\t\t\t\t\t<\/div>\n\t\t\t\t\t<\/div>","protected":false},"excerpt":{"rendered":"<p>Elasticit\u00e9 de la peau renforc\u00e9\u00e9 &amp; anti-\u00e2ge collag\u00e8ne\u2009 Effets b\u00e9n\u00e9fique du collag\u00e8ne : Am\u00e9lioration de la texture de la peau R\u00e9duction des irritations cutan\u00e9es telles que n\u00e9vrodermite, psoriasis, acn\u00e9, etc Stimulation de la propre production de collag\u00e8ne de la peau Bronzage doux qui laisse votre peau d&rsquo;une fra\u00eecheur \u00e9clatante Pr\u00e9vention des rides et r\u00e9duction des&#8230;<\/p>","protected":false},"author":1,"featured_media":0,"parent":0,"menu_order":0,"comment_status":"closed","ping_status":"closed","template":"","meta":{"_mi_skip_tracking":false,"_kad_post_transparent":"","_kad_post_title":"hide","_kad_post_layout":"fullwidth","_kad_post_sidebar_id":"","_kad_post_content_style":"unboxed","_kad_post_vertical_padding":"hide","_kad_post_feature":"hide","_kad_post_feature_position":"","_kad_post_header":false,"_kad_post_footer":false,"spay_email":"","footnotes":""},"folder":[],"acf":[],"yoast_head":"<!-- This site is optimized with the Yoast SEO plugin v18.3 - https:\/\/yoast.com\/wordpress\/plugins\/seo\/ -->\n<title>Collag\u00e8ne - My Sun Solarium<\/title>\n<meta name=\"robots\" content=\"index, follow, max-snippet:-1, max-image-preview:large, max-video-preview:-1\" \/>\n<link rel=\"canonical\" href=\"https:\/\/mysun.ch\/de\/collagen\/\" \/>\n<meta property=\"og:locale\" content=\"de_DE\" \/>\n<meta property=\"og:type\" content=\"article\" \/>\n<meta property=\"og:title\" content=\"Collag\u00e8ne - My Sun Solarium\" \/>\n<meta property=\"og:description\" content=\"Elasticit\u00e9 de la peau renforc\u00e9\u00e9 &amp; anti-\u00e2ge collag\u00e8ne\u2009 Effets b\u00e9n\u00e9fique du collag\u00e8ne : Am\u00e9lioration de la texture de la peau R\u00e9duction des irritations cutan\u00e9es telles que n\u00e9vrodermite, psoriasis, acn\u00e9, etc Stimulation de la propre production de collag\u00e8ne de la peau Bronzage doux qui laisse votre peau d&rsquo;une fra\u00eecheur \u00e9clatante Pr\u00e9vention des rides et r\u00e9duction des...\" \/>\n<meta property=\"og:url\" content=\"https:\/\/mysun.ch\/de\/collagen\/\" \/>\n<meta property=\"og:site_name\" content=\"My Sun Solarium\" \/>\n<meta property=\"article:publisher\" content=\"https:\/\/facebook.com\/mysunsolariums\" \/>\n<meta property=\"article:modified_time\" content=\"2024-06-11T13:06:55+00:00\" \/>\n<meta property=\"og:image\" content=\"https:\/\/mysun.ch\/wp-content\/uploads\/2022\/01\/Collagen.jpg\" \/>\n<meta name=\"twitter:card\" content=\"summary_large_image\" \/>\n<meta name=\"twitter:label1\" content=\"Gesch\u00e4tzte Lesezeit\" \/>\n\t<meta name=\"twitter:data1\" content=\"4 Minuten\" \/>\n<script type=\"application\/ld+json\" class=\"yoast-schema-graph\">{\"@context\":\"https:\/\/schema.org\",\"@graph\":[{\"@type\":\"Organization\",\"@id\":\"https:\/\/mysun.ch\/#organization\",\"name\":\"My Sun AG\",\"url\":\"https:\/\/mysun.ch\/\",\"sameAs\":[\"https:\/\/facebook.com\/mysunsolariums\",\"https:\/\/www.instagram.com\/mysunsolariums\/\"],\"logo\":{\"@type\":\"ImageObject\",\"@id\":\"https:\/\/mysun.ch\/#logo\",\"inLanguage\":\"de-DE\",\"url\":\"https:\/\/mysun.ch\/wp-content\/uploads\/2021\/09\/image.png\",\"contentUrl\":\"https:\/\/mysun.ch\/wp-content\/uploads\/2021\/09\/image.png\",\"width\":444,\"height\":200,\"caption\":\"My Sun AG\"},\"image\":{\"@id\":\"https:\/\/mysun.ch\/#logo\"}},{\"@type\":\"WebSite\",\"@id\":\"https:\/\/mysun.ch\/#website\",\"url\":\"https:\/\/mysun.ch\/\",\"name\":\"My Sun Solarium\",\"description\":\"Centre de solarium dans toutes la Suisse\",\"publisher\":{\"@id\":\"https:\/\/mysun.ch\/#organization\"},\"potentialAction\":[{\"@type\":\"SearchAction\",\"target\":{\"@type\":\"EntryPoint\",\"urlTemplate\":\"https:\/\/mysun.ch\/?s={search_term_string}\"},\"query-input\":\"required name=search_term_string\"}],\"inLanguage\":\"de-DE\"},{\"@type\":\"ImageObject\",\"@id\":\"https:\/\/mysun.ch\/collagene\/#primaryimage\",\"inLanguage\":\"de-DE\",\"url\":\"https:\/\/i0.wp.com\/mysun.ch\/wp-content\/uploads\/2022\/01\/Collagen.jpg?fit=1920%2C1280&ssl=1\",\"contentUrl\":\"https:\/\/i0.wp.com\/mysun.ch\/wp-content\/uploads\/2022\/01\/Collagen.jpg?fit=1920%2C1280&ssl=1\",\"width\":1920,\"height\":1280,\"caption\":\"Lumiere collagene bronzage\"},{\"@type\":\"WebPage\",\"@id\":\"https:\/\/mysun.ch\/collagene\/#webpage\",\"url\":\"https:\/\/mysun.ch\/collagene\/\",\"name\":\"Collag\u00e8ne - My Sun Solarium\",\"isPartOf\":{\"@id\":\"https:\/\/mysun.ch\/#website\"},\"primaryImageOfPage\":{\"@id\":\"https:\/\/mysun.ch\/collagene\/#primaryimage\"},\"datePublished\":\"2022-01-11T10:47:50+00:00\",\"dateModified\":\"2024-06-11T13:06:55+00:00\",\"breadcrumb\":{\"@id\":\"https:\/\/mysun.ch\/collagene\/#breadcrumb\"},\"inLanguage\":\"de-DE\",\"potentialAction\":[{\"@type\":\"ReadAction\",\"target\":[\"https:\/\/mysun.ch\/collagene\/\"]}]},{\"@type\":\"BreadcrumbList\",\"@id\":\"https:\/\/mysun.ch\/collagene\/#breadcrumb\",\"itemListElement\":[{\"@type\":\"ListItem\",\"position\":1,\"name\":\"Home\",\"item\":\"https:\/\/mysun.ch\/\"},{\"@type\":\"ListItem\",\"position\":2,\"name\":\"Collag\u00e8ne\"}]}]}<\/script>\n<!-- \/ Yoast SEO plugin. -->","yoast_head_json":{"title":"Collag\u00e8ne - My Sun Solarium","robots":{"index":"index","follow":"follow","max-snippet":"max-snippet:-1","max-image-preview":"max-image-preview:large","max-video-preview":"max-video-preview:-1"},"canonical":"https:\/\/mysun.ch\/de\/collagen\/","og_locale":"de_DE","og_type":"article","og_title":"Collag\u00e8ne - My Sun Solarium","og_description":"Elasticit\u00e9 de la peau renforc\u00e9\u00e9 &amp; anti-\u00e2ge collag\u00e8ne\u2009 Effets b\u00e9n\u00e9fique du collag\u00e8ne : Am\u00e9lioration de la texture de la peau R\u00e9duction des irritations cutan\u00e9es telles que n\u00e9vrodermite, psoriasis, acn\u00e9, etc Stimulation de la propre production de collag\u00e8ne de la peau Bronzage doux qui laisse votre peau d&rsquo;une fra\u00eecheur \u00e9clatante Pr\u00e9vention des rides et r\u00e9duction des...","og_url":"https:\/\/mysun.ch\/de\/collagen\/","og_site_name":"My Sun Solarium","article_publisher":"https:\/\/facebook.com\/mysunsolariums","article_modified_time":"2024-06-11T13:06:55+00:00","og_image":[{"url":"https:\/\/mysun.ch\/wp-content\/uploads\/2022\/01\/Collagen.jpg"}],"twitter_card":"summary_large_image","twitter_misc":{"Gesch\u00e4tzte Lesezeit":"4 Minuten"},"schema":{"@context":"https:\/\/schema.org","@graph":[{"@type":"Organization","@id":"https:\/\/mysun.ch\/#organization","name":"My Sun AG","url":"https:\/\/mysun.ch\/","sameAs":["https:\/\/facebook.com\/mysunsolariums","https:\/\/www.instagram.com\/mysunsolariums\/"],"logo":{"@type":"ImageObject","@id":"https:\/\/mysun.ch\/#logo","inLanguage":"de-DE","url":"https:\/\/mysun.ch\/wp-content\/uploads\/2021\/09\/image.png","contentUrl":"https:\/\/mysun.ch\/wp-content\/uploads\/2021\/09\/image.png","width":444,"height":200,"caption":"My Sun AG"},"image":{"@id":"https:\/\/mysun.ch\/#logo"}},{"@type":"WebSite","@id":"https:\/\/mysun.ch\/#website","url":"https:\/\/mysun.ch\/","name":"My Sun Solarium","description":"Centre de solarium dans toutes la Suisse","publisher":{"@id":"https:\/\/mysun.ch\/#organization"},"potentialAction":[{"@type":"SearchAction","target":{"@type":"EntryPoint","urlTemplate":"https:\/\/mysun.ch\/?s={search_term_string}"},"query-input":"required name=search_term_string"}],"inLanguage":"de-DE"},{"@type":"ImageObject","@id":"https:\/\/mysun.ch\/collagene\/#primaryimage","inLanguage":"de-DE","url":"https:\/\/i0.wp.com\/mysun.ch\/wp-content\/uploads\/2022\/01\/Collagen.jpg?fit=1920%2C1280&ssl=1","contentUrl":"https:\/\/i0.wp.com\/mysun.ch\/wp-content\/uploads\/2022\/01\/Collagen.jpg?fit=1920%2C1280&ssl=1","width":1920,"height":1280,"caption":"Lumiere collagene bronzage"},{"@type":"WebPage","@id":"https:\/\/mysun.ch\/collagene\/#webpage","url":"https:\/\/mysun.ch\/collagene\/","name":"Collag\u00e8ne - My Sun Solarium","isPartOf":{"@id":"https:\/\/mysun.ch\/#website"},"primaryImageOfPage":{"@id":"https:\/\/mysun.ch\/collagene\/#primaryimage"},"datePublished":"2022-01-11T10:47:50+00:00","dateModified":"2024-06-11T13:06:55+00:00","breadcrumb":{"@id":"https:\/\/mysun.ch\/collagene\/#breadcrumb"},"inLanguage":"de-DE","potentialAction":[{"@type":"ReadAction","target":["https:\/\/mysun.ch\/collagene\/"]}]},{"@type":"BreadcrumbList","@id":"https:\/\/mysun.ch\/collagene\/#breadcrumb","itemListElement":[{"@type":"ListItem","position":1,"name":"Home","item":"https:\/\/mysun.ch\/"},{"@type":"ListItem","position":2,"name":"Collag\u00e8ne"}]}]}},"_links":{"self":[{"href":"https:\/\/mysun.ch\/de\/wp-json\/wp\/v2\/pages\/5335"}],"collection":[{"href":"https:\/\/mysun.ch\/de\/wp-json\/wp\/v2\/pages"}],"about":[{"href":"https:\/\/mysun.ch\/de\/wp-json\/wp\/v2\/types\/page"}],"author":[{"embeddable":true,"href":"https:\/\/mysun.ch\/de\/wp-json\/wp\/v2\/users\/1"}],"replies":[{"embeddable":true,"href":"https:\/\/mysun.ch\/de\/wp-json\/wp\/v2\/comments?post=5335"}],"version-history":[{"count":68,"href":"https:\/\/mysun.ch\/de\/wp-json\/wp\/v2\/pages\/5335\/revisions"}],"predecessor-version":[{"id":7323,"href":"https:\/\/mysun.ch\/de\/wp-json\/wp\/v2\/pages\/5335\/revisions\/7323"}],"wp:attachment":[{"href":"https:\/\/mysun.ch\/de\/wp-json\/wp\/v2\/media?parent=5335"}],"wp:term":[{"taxonomy":"folder","embeddable":true,"href":"https:\/\/mysun.ch\/de\/wp-json\/wp\/v2\/folder?post=5335"}],"curies":[{"name":"wp","href":"https:\/\/api.w.org\/{rel}","templated":true}]}}