{"id":3521,"date":"2021-06-14T13:37:14","date_gmt":"2021-06-14T11:37:14","guid":{"rendered":"http:\/\/mysun.start\/?post_type=product&#038;p=3521"},"modified":"2025-02-20T17:52:25","modified_gmt":"2025-02-20T16:52:25","slug":"art-of-sun-rainbow-lotion-face-body-tanner-15-ml","status":"publish","type":"product","link":"https:\/\/mysun.ch\/de\/shop\/produit\/art-of-sun-rainbow-lotion-face-body-tanner-15-ml\/","title":{"rendered":"Art of Sun Rainbow Lotion Face &amp; Body Tanner 15 ml"},"content":{"rendered":"<p>Art of Sun RAINBOW Lotion Autobronzant Visage &amp; Corps<\/p>\n<p>Huit ingr\u00e9dients extraordinaires combin\u00e9s dans une lotion bronzante nourrissante pour le visage et le corps. Rainbow Lotion est le compl\u00e9ment cosm\u00e9tique parfait au concept de tube Rainbow Light.<\/p>\n<p>HARMONISANT &amp; RELAXANT<br \/>\nL&rsquo;extrait de racine de Gingseng renforce la peau contre les infections li\u00e9es au stress et peut avoir un effet harmonisant, les gins\u00e9nosides contenus sont consid\u00e9r\u00e9s comme des bioactivateurs (activateurs) pour d&rsquo;autres ingr\u00e9dients actifs.<br \/>\nL&rsquo;extrait de figue de Barbarie peut d\u00e9tendre la peau en augmentant l&rsquo;hydratation de la peau et est riche en antioxydants qui \u00e9liminent les radicaux libres.<\/p>\n<p>RAFFERMISSANT &amp; RENOUVELANT<br \/>\nL&rsquo;extrait de feuille de Centrella asiatica, \u00e9galement appel\u00e9e herbe du tigre, est utilis\u00e9 pour raffermir les contours et affiner le teint. Avec ses acides de fruits AHA, l&rsquo;extrait de fleur d&rsquo;hibiscus favorise le renouvellement cutan\u00e9 pour une peau vitale, jeune et fra\u00eeche.<\/p>\n<p>VITALISANT &amp; STIMULANT<br \/>\nL&rsquo;extrait de fruit de grenade a une tr\u00e8s haute teneur en antioxydants, pr\u00e9vient le vieillissement pr\u00e9matur\u00e9 et maintient la vitalit\u00e9 des cellules. L&rsquo;extrait de feuille de Ginkgo biloba favorise la circulation sanguine, pr\u00e9vient le vieillissement cutan\u00e9 pr\u00e9matur\u00e9 et prot\u00e8ge la peau des radicaux libres gr\u00e2ce \u00e0 ses flavonoudes.<\/p>\n<p>CALME &amp; SOIN<br \/>\nL&rsquo;huile de tournesol, nourrit et rend la peau douce et velout\u00e9e. L&rsquo;extrait d&rsquo;arnica renforce les d\u00e9fenses antimicrobiennes de la peau et a un effet calmant sur la peau. INTENSIFICATION<\/p>\n<p>DU BRONZAGE<br \/>\nMelanobronze pour soutenir la production de m\u00e9lanine de la peau et pour un bronzage profond et durable. Ac\u00e9tyl tyrosine pour stimuler le processus de bronzage de la peau.<\/p>\n<p>Contenu 15 ml<\/p>","protected":false},"excerpt":{"rendered":"<p>Art of Sun RAINBOW Lotion Autobronzant Visage &amp; Corps Huit ingr\u00e9dients extraordinaires combin\u00e9s dans une lotion bronzante nourrissante pour le visage et le corps. Rainbow Lotion est le compl\u00e9ment cosm\u00e9tique parfait au concept de tube Rainbow Light. HARMONISANT &amp; RELAXANT L&rsquo;extrait de racine de Gingseng renforce la peau contre les infections li\u00e9es au stress et&#8230;<\/p>","protected":false},"featured_media":3522,"comment_status":"closed","ping_status":"closed","template":"","meta":{"_mi_skip_tracking":false,"_kad_post_transparent":"default","_kad_post_title":"","_kad_post_layout":"default","_kad_post_sidebar_id":"","_kad_post_content_style":"default","_kad_post_vertical_padding":"default","_kad_post_feature":"","_kad_post_feature_position":"","_kad_post_header":false,"_kad_post_footer":false,"spay_email":""},"product_cat":[84],"product_tag":[],"acf":[],"yoast_head":"<!-- This site is optimized with the Yoast SEO plugin v18.3 - https:\/\/yoast.com\/wordpress\/plugins\/seo\/ -->\n<title>Art of Sun Rainbow Lotion Face &amp; Body Tanner 15 ml - My Sun Solarium<\/title>\n<meta name=\"robots\" content=\"index, follow, max-snippet:-1, max-image-preview:large, max-video-preview:-1\" \/>\n<link rel=\"canonical\" href=\"https:\/\/mysun.ch\/de\/shop\/produit\/art-of-sun-rainbow-lotion-face-body-tanner-15-ml\/\" \/>\n<meta property=\"og:locale\" content=\"de_DE\" \/>\n<meta property=\"og:type\" content=\"article\" \/>\n<meta property=\"og:title\" content=\"Art of Sun Rainbow Lotion Face &amp; Body Tanner 15 ml - My Sun Solarium\" \/>\n<meta property=\"og:description\" content=\"Art of Sun RAINBOW Lotion Autobronzant Visage &amp; Corps Huit ingr\u00e9dients extraordinaires combin\u00e9s dans une lotion bronzante nourrissante pour le visage et le corps. Rainbow Lotion est le compl\u00e9ment cosm\u00e9tique parfait au concept de tube Rainbow Light. HARMONISANT &amp; RELAXANT L&rsquo;extrait de racine de Gingseng renforce la peau contre les infections li\u00e9es au stress et...\" \/>\n<meta property=\"og:url\" content=\"https:\/\/mysun.ch\/de\/shop\/produit\/art-of-sun-rainbow-lotion-face-body-tanner-15-ml\/\" \/>\n<meta property=\"og:site_name\" content=\"My Sun Solarium\" \/>\n<meta property=\"article:publisher\" content=\"https:\/\/facebook.com\/mysunsolariums\" \/>\n<meta property=\"article:modified_time\" content=\"2025-02-20T16:52:25+00:00\" \/>\n<meta property=\"og:image\" content=\"https:\/\/i0.wp.com\/mysun.ch\/wp-content\/uploads\/2021\/06\/Rainbow_LOTION_Sachet.jpg?fit=600%2C600&#038;ssl=1\" \/>\n\t<meta property=\"og:image:width\" content=\"600\" \/>\n\t<meta property=\"og:image:height\" content=\"600\" \/>\n\t<meta property=\"og:image:type\" content=\"image\/jpeg\" \/>\n<meta name=\"twitter:card\" content=\"summary_large_image\" \/>\n<meta name=\"twitter:label1\" content=\"Gesch\u00e4tzte Lesezeit\" \/>\n\t<meta name=\"twitter:data1\" content=\"2 Minuten\" \/>\n<script type=\"application\/ld+json\" class=\"yoast-schema-graph\">{\"@context\":\"https:\/\/schema.org\",\"@graph\":[{\"@type\":\"Organization\",\"@id\":\"https:\/\/mysun.ch\/#organization\",\"name\":\"My Sun AG\",\"url\":\"https:\/\/mysun.ch\/\",\"sameAs\":[\"https:\/\/facebook.com\/mysunsolariums\",\"https:\/\/www.instagram.com\/mysunsolariums\/\"],\"logo\":{\"@type\":\"ImageObject\",\"@id\":\"https:\/\/mysun.ch\/#logo\",\"inLanguage\":\"de-DE\",\"url\":\"https:\/\/mysun.ch\/wp-content\/uploads\/2021\/09\/image.png\",\"contentUrl\":\"https:\/\/mysun.ch\/wp-content\/uploads\/2021\/09\/image.png\",\"width\":444,\"height\":200,\"caption\":\"My Sun AG\"},\"image\":{\"@id\":\"https:\/\/mysun.ch\/#logo\"}},{\"@type\":\"WebSite\",\"@id\":\"https:\/\/mysun.ch\/#website\",\"url\":\"https:\/\/mysun.ch\/\",\"name\":\"My Sun Solarium\",\"description\":\"Centre de solarium dans toutes la Suisse\",\"publisher\":{\"@id\":\"https:\/\/mysun.ch\/#organization\"},\"potentialAction\":[{\"@type\":\"SearchAction\",\"target\":{\"@type\":\"EntryPoint\",\"urlTemplate\":\"https:\/\/mysun.ch\/?s={search_term_string}\"},\"query-input\":\"required name=search_term_string\"}],\"inLanguage\":\"de-DE\"},{\"@type\":\"ImageObject\",\"@id\":\"https:\/\/mysun.ch\/shop\/produit\/art-of-sun-rainbow-lotion-face-body-tanner-15-ml\/#primaryimage\",\"inLanguage\":\"de-DE\",\"url\":\"https:\/\/i0.wp.com\/mysun.ch\/wp-content\/uploads\/2021\/06\/Rainbow_LOTION_Sachet.jpg?fit=600%2C600&ssl=1\",\"contentUrl\":\"https:\/\/i0.wp.com\/mysun.ch\/wp-content\/uploads\/2021\/06\/Rainbow_LOTION_Sachet.jpg?fit=600%2C600&ssl=1\",\"width\":600,\"height\":600},{\"@type\":\"WebPage\",\"@id\":\"https:\/\/mysun.ch\/shop\/produit\/art-of-sun-rainbow-lotion-face-body-tanner-15-ml\/#webpage\",\"url\":\"https:\/\/mysun.ch\/shop\/produit\/art-of-sun-rainbow-lotion-face-body-tanner-15-ml\/\",\"name\":\"Art of Sun Rainbow Lotion Face &amp; Body Tanner 15 ml - My Sun Solarium\",\"isPartOf\":{\"@id\":\"https:\/\/mysun.ch\/#website\"},\"primaryImageOfPage\":{\"@id\":\"https:\/\/mysun.ch\/shop\/produit\/art-of-sun-rainbow-lotion-face-body-tanner-15-ml\/#primaryimage\"},\"datePublished\":\"2021-06-14T11:37:14+00:00\",\"dateModified\":\"2025-02-20T16:52:25+00:00\",\"breadcrumb\":{\"@id\":\"https:\/\/mysun.ch\/shop\/produit\/art-of-sun-rainbow-lotion-face-body-tanner-15-ml\/#breadcrumb\"},\"inLanguage\":\"de-DE\",\"potentialAction\":[{\"@type\":\"ReadAction\",\"target\":[\"https:\/\/mysun.ch\/shop\/produit\/art-of-sun-rainbow-lotion-face-body-tanner-15-ml\/\"]}]},{\"@type\":\"BreadcrumbList\",\"@id\":\"https:\/\/mysun.ch\/shop\/produit\/art-of-sun-rainbow-lotion-face-body-tanner-15-ml\/#breadcrumb\",\"itemListElement\":[{\"@type\":\"ListItem\",\"position\":1,\"name\":\"Home\",\"item\":\"https:\/\/mysun.ch\/\"},{\"@type\":\"ListItem\",\"position\":2,\"name\":\"Shop\",\"item\":\"https:\/\/mysun.ch\/shop\/\"},{\"@type\":\"ListItem\",\"position\":3,\"name\":\"Art of Sun Rainbow Lotion Face &amp; Body Tanner 15 ml\"}]}]}<\/script>\n<!-- \/ Yoast SEO plugin. -->","yoast_head_json":{"title":"Art of Sun Rainbow Lotion Face &amp; Body Tanner 15 ml - My Sun Solarium","robots":{"index":"index","follow":"follow","max-snippet":"max-snippet:-1","max-image-preview":"max-image-preview:large","max-video-preview":"max-video-preview:-1"},"canonical":"https:\/\/mysun.ch\/de\/shop\/produit\/art-of-sun-rainbow-lotion-face-body-tanner-15-ml\/","og_locale":"de_DE","og_type":"article","og_title":"Art of Sun Rainbow Lotion Face &amp; Body Tanner 15 ml - My Sun Solarium","og_description":"Art of Sun RAINBOW Lotion Autobronzant Visage &amp; Corps Huit ingr\u00e9dients extraordinaires combin\u00e9s dans une lotion bronzante nourrissante pour le visage et le corps. Rainbow Lotion est le compl\u00e9ment cosm\u00e9tique parfait au concept de tube Rainbow Light. HARMONISANT &amp; RELAXANT L&rsquo;extrait de racine de Gingseng renforce la peau contre les infections li\u00e9es au stress et...","og_url":"https:\/\/mysun.ch\/de\/shop\/produit\/art-of-sun-rainbow-lotion-face-body-tanner-15-ml\/","og_site_name":"My Sun Solarium","article_publisher":"https:\/\/facebook.com\/mysunsolariums","article_modified_time":"2025-02-20T16:52:25+00:00","og_image":[{"width":600,"height":600,"url":"https:\/\/i0.wp.com\/mysun.ch\/wp-content\/uploads\/2021\/06\/Rainbow_LOTION_Sachet.jpg?fit=600%2C600&ssl=1","type":"image\/jpeg"}],"twitter_card":"summary_large_image","twitter_misc":{"Gesch\u00e4tzte Lesezeit":"2 Minuten"},"schema":{"@context":"https:\/\/schema.org","@graph":[{"@type":"Organization","@id":"https:\/\/mysun.ch\/#organization","name":"My Sun AG","url":"https:\/\/mysun.ch\/","sameAs":["https:\/\/facebook.com\/mysunsolariums","https:\/\/www.instagram.com\/mysunsolariums\/"],"logo":{"@type":"ImageObject","@id":"https:\/\/mysun.ch\/#logo","inLanguage":"de-DE","url":"https:\/\/mysun.ch\/wp-content\/uploads\/2021\/09\/image.png","contentUrl":"https:\/\/mysun.ch\/wp-content\/uploads\/2021\/09\/image.png","width":444,"height":200,"caption":"My Sun AG"},"image":{"@id":"https:\/\/mysun.ch\/#logo"}},{"@type":"WebSite","@id":"https:\/\/mysun.ch\/#website","url":"https:\/\/mysun.ch\/","name":"My Sun Solarium","description":"Centre de solarium dans toutes la Suisse","publisher":{"@id":"https:\/\/mysun.ch\/#organization"},"potentialAction":[{"@type":"SearchAction","target":{"@type":"EntryPoint","urlTemplate":"https:\/\/mysun.ch\/?s={search_term_string}"},"query-input":"required name=search_term_string"}],"inLanguage":"de-DE"},{"@type":"ImageObject","@id":"https:\/\/mysun.ch\/shop\/produit\/art-of-sun-rainbow-lotion-face-body-tanner-15-ml\/#primaryimage","inLanguage":"de-DE","url":"https:\/\/i0.wp.com\/mysun.ch\/wp-content\/uploads\/2021\/06\/Rainbow_LOTION_Sachet.jpg?fit=600%2C600&ssl=1","contentUrl":"https:\/\/i0.wp.com\/mysun.ch\/wp-content\/uploads\/2021\/06\/Rainbow_LOTION_Sachet.jpg?fit=600%2C600&ssl=1","width":600,"height":600},{"@type":"WebPage","@id":"https:\/\/mysun.ch\/shop\/produit\/art-of-sun-rainbow-lotion-face-body-tanner-15-ml\/#webpage","url":"https:\/\/mysun.ch\/shop\/produit\/art-of-sun-rainbow-lotion-face-body-tanner-15-ml\/","name":"Art of Sun Rainbow Lotion Face &amp; Body Tanner 15 ml - My Sun Solarium","isPartOf":{"@id":"https:\/\/mysun.ch\/#website"},"primaryImageOfPage":{"@id":"https:\/\/mysun.ch\/shop\/produit\/art-of-sun-rainbow-lotion-face-body-tanner-15-ml\/#primaryimage"},"datePublished":"2021-06-14T11:37:14+00:00","dateModified":"2025-02-20T16:52:25+00:00","breadcrumb":{"@id":"https:\/\/mysun.ch\/shop\/produit\/art-of-sun-rainbow-lotion-face-body-tanner-15-ml\/#breadcrumb"},"inLanguage":"de-DE","potentialAction":[{"@type":"ReadAction","target":["https:\/\/mysun.ch\/shop\/produit\/art-of-sun-rainbow-lotion-face-body-tanner-15-ml\/"]}]},{"@type":"BreadcrumbList","@id":"https:\/\/mysun.ch\/shop\/produit\/art-of-sun-rainbow-lotion-face-body-tanner-15-ml\/#breadcrumb","itemListElement":[{"@type":"ListItem","position":1,"name":"Home","item":"https:\/\/mysun.ch\/"},{"@type":"ListItem","position":2,"name":"Shop","item":"https:\/\/mysun.ch\/shop\/"},{"@type":"ListItem","position":3,"name":"Art of Sun Rainbow Lotion Face &amp; Body Tanner 15 ml"}]}]}},"_links":{"self":[{"href":"https:\/\/mysun.ch\/de\/wp-json\/wp\/v2\/product\/3521"}],"collection":[{"href":"https:\/\/mysun.ch\/de\/wp-json\/wp\/v2\/product"}],"about":[{"href":"https:\/\/mysun.ch\/de\/wp-json\/wp\/v2\/types\/product"}],"replies":[{"embeddable":true,"href":"https:\/\/mysun.ch\/de\/wp-json\/wp\/v2\/comments?post=3521"}],"wp:featuredmedia":[{"embeddable":true,"href":"https:\/\/mysun.ch\/de\/wp-json\/wp\/v2\/media\/3522"}],"wp:attachment":[{"href":"https:\/\/mysun.ch\/de\/wp-json\/wp\/v2\/media?parent=3521"}],"wp:term":[{"taxonomy":"product_cat","embeddable":true,"href":"https:\/\/mysun.ch\/de\/wp-json\/wp\/v2\/product_cat?post=3521"},{"taxonomy":"product_tag","embeddable":true,"href":"https:\/\/mysun.ch\/de\/wp-json\/wp\/v2\/product_tag?post=3521"}],"curies":[{"name":"wp","href":"https:\/\/api.w.org\/{rel}","templated":true}]}}