{"id":3531,"date":"2021-06-14T13:59:52","date_gmt":"2021-06-14T11:59:52","guid":{"rendered":"http:\/\/mysun.start\/?post_type=product&#038;p=3531"},"modified":"2025-02-21T13:47:12","modified_gmt":"2025-02-21T12:47:12","slug":"art-of-sun-tequila-gold-supreme-deep-tanning-lotion-with-bronzer-melanin-15-ml","status":"publish","type":"product","link":"https:\/\/mysun.ch\/de\/shop\/produit\/art-of-sun-tequila-gold-supreme-deep-tanning-lotion-with-bronzer-melanin-15-ml\/","title":{"rendered":"Art of Sun Tequila Gold Supreme Deep Tanning Lotion with Bronzer &#038; Melanin 15 ml"},"content":{"rendered":"<p>Art of Sun Tequila Gold Supreme Lotion Bronzante Profonde \u00e0 la M\u00e9lanine 125 ml .<\/p>\n<p>Vous pouvez obtenir un bronzage magnifique et intensifi\u00e9 avec cette lotion de bronzage en profondeur Art of Sun Tequila Gold Supreme. Un produit haut de gamme sp\u00e9cialement d\u00e9velopp\u00e9 pour prolonger les r\u00e9sultats de bronzage. Car avec cette lotion vous activez, approfondissez et prolongez vos r\u00e9sultats de bronzage et les intensifiez avec la tyrosine et la double m\u00e9lanine. Vous prenez \u00e9galement soin de la peau pendant les bains de soleil et lui fournissez l&rsquo;hydratation n\u00e9cessaire. Vous pouvez pr\u00e9venir le processus de vieillissement de la peau avec des ingr\u00e9dients de haute qualit\u00e9 tels que l&rsquo;agave, l&rsquo;avocat, le beurre de karit\u00e9 et l&rsquo;aloe vera. Ce produit ne contient pas d&rsquo;autobronzant.<\/p>\n<p>Ingr\u00e9dients pr\u00e9cieux pour les soins de la peau et le soutien du bronzage en un coup d&rsquo;\u0153il :<\/p>\n<p>-Haute performance de bronzage -Tyrosine &#8211; augmente la production de m\u00e9lanine pigmentaire du corps<br \/>\n-Double m\u00e9lanine &#8211; favorise intens\u00e9ment le bronzage de la peau gr\u00e2ce \u00e0 l&rsquo;action de la lumi\u00e8re UV<br \/>\n-Agave &#8211; anti-inflammatoire et hydratant<br \/>\n-Avocat &#8211; prend soin de la peau et hydrate<br \/>\n-Beurre de karit\u00e9 &#8211; contrecarre efficacement la d\u00e9shydratation de la peau<br \/>\n-Aloe Vera &#8211; stimule la synth\u00e8se du collag\u00e8ne et des fibres d&rsquo; \u00e9lastine et apaise la peau<br \/>\n-Green th\u00e9 &#8211; soutient la protection cellulaire<br \/>\n-Sunflower huile &#8211; am\u00e9liore l&rsquo;\u00e9lasticit\u00e9 de la peau<\/p>\n<p>particularit\u00e9 : sans paraben<\/p>\n<p>utilisation : Appliquer uniform\u00e9ment sur la peau avant le bronzage. Lavez-vous ensuite les mains. Uniquement pour usage externe.<\/p>\n<p>Inhalt: 15 ml<\/p>","protected":false},"excerpt":{"rendered":"<p>Art of Sun Tequila Gold Supreme Lotion Bronzante Profonde \u00e0 la M\u00e9lanine 125 ml . Vous pouvez obtenir un bronzage magnifique et intensifi\u00e9 avec cette lotion de bronzage en profondeur Art of Sun Tequila Gold Supreme. Un produit haut de gamme sp\u00e9cialement d\u00e9velopp\u00e9 pour prolonger les r\u00e9sultats de bronzage. Car avec cette lotion vous activez,&#8230;<\/p>","protected":false},"featured_media":3533,"comment_status":"open","ping_status":"closed","template":"","meta":{"_mi_skip_tracking":false,"_kad_post_transparent":"default","_kad_post_title":"","_kad_post_layout":"default","_kad_post_sidebar_id":"","_kad_post_content_style":"default","_kad_post_vertical_padding":"default","_kad_post_feature":"","_kad_post_feature_position":"","_kad_post_header":false,"_kad_post_footer":false,"spay_email":""},"product_cat":[84],"product_tag":[],"acf":[],"yoast_head":"<!-- This site is optimized with the Yoast SEO plugin v18.3 - https:\/\/yoast.com\/wordpress\/plugins\/seo\/ -->\n<title>Art of Sun Tequila Gold Supreme Deep Tanning Lotion with Bronzer &amp; Melanin 15 ml - My Sun Solarium<\/title>\n<meta name=\"robots\" content=\"index, follow, max-snippet:-1, max-image-preview:large, max-video-preview:-1\" \/>\n<link rel=\"canonical\" href=\"https:\/\/mysun.ch\/de\/shop\/produit\/art-of-sun-tequila-gold-supreme-deep-tanning-lotion-with-bronzer-melanin-15-ml\/\" \/>\n<meta property=\"og:locale\" content=\"de_DE\" \/>\n<meta property=\"og:type\" content=\"article\" \/>\n<meta property=\"og:title\" content=\"Art of Sun Tequila Gold Supreme Deep Tanning Lotion with Bronzer &amp; Melanin 15 ml - My Sun Solarium\" \/>\n<meta property=\"og:description\" content=\"Art of Sun Tequila Gold Supreme Lotion Bronzante Profonde \u00e0 la M\u00e9lanine 125 ml . Vous pouvez obtenir un bronzage magnifique et intensifi\u00e9 avec cette lotion de bronzage en profondeur Art of Sun Tequila Gold Supreme. Un produit haut de gamme sp\u00e9cialement d\u00e9velopp\u00e9 pour prolonger les r\u00e9sultats de bronzage. Car avec cette lotion vous activez,...\" \/>\n<meta property=\"og:url\" content=\"https:\/\/mysun.ch\/de\/shop\/produit\/art-of-sun-tequila-gold-supreme-deep-tanning-lotion-with-bronzer-melanin-15-ml\/\" \/>\n<meta property=\"og:site_name\" content=\"My Sun Solarium\" \/>\n<meta property=\"article:publisher\" content=\"https:\/\/facebook.com\/mysunsolariums\" \/>\n<meta property=\"article:modified_time\" content=\"2025-02-21T12:47:12+00:00\" \/>\n<meta property=\"og:image\" content=\"https:\/\/mysun.ch\/wp-content\/uploads\/2021\/06\/480230.jpg\" \/>\n\t<meta property=\"og:image:width\" content=\"600\" \/>\n\t<meta property=\"og:image:height\" content=\"600\" \/>\n\t<meta property=\"og:image:type\" content=\"image\/jpeg\" \/>\n<meta name=\"twitter:card\" content=\"summary_large_image\" \/>\n<meta name=\"twitter:label1\" content=\"Gesch\u00e4tzte Lesezeit\" \/>\n\t<meta name=\"twitter:data1\" content=\"2 Minuten\" \/>\n<script type=\"application\/ld+json\" class=\"yoast-schema-graph\">{\"@context\":\"https:\/\/schema.org\",\"@graph\":[{\"@type\":\"Organization\",\"@id\":\"https:\/\/mysun.ch\/#organization\",\"name\":\"My Sun AG\",\"url\":\"https:\/\/mysun.ch\/\",\"sameAs\":[\"https:\/\/facebook.com\/mysunsolariums\",\"https:\/\/www.instagram.com\/mysunsolariums\/\"],\"logo\":{\"@type\":\"ImageObject\",\"@id\":\"https:\/\/mysun.ch\/#logo\",\"inLanguage\":\"de-DE\",\"url\":\"https:\/\/mysun.ch\/wp-content\/uploads\/2021\/09\/image.png\",\"contentUrl\":\"https:\/\/mysun.ch\/wp-content\/uploads\/2021\/09\/image.png\",\"width\":444,\"height\":200,\"caption\":\"My Sun AG\"},\"image\":{\"@id\":\"https:\/\/mysun.ch\/#logo\"}},{\"@type\":\"WebSite\",\"@id\":\"https:\/\/mysun.ch\/#website\",\"url\":\"https:\/\/mysun.ch\/\",\"name\":\"My Sun Solarium\",\"description\":\"Centre de solarium dans toutes la Suisse\",\"publisher\":{\"@id\":\"https:\/\/mysun.ch\/#organization\"},\"potentialAction\":[{\"@type\":\"SearchAction\",\"target\":{\"@type\":\"EntryPoint\",\"urlTemplate\":\"https:\/\/mysun.ch\/?s={search_term_string}\"},\"query-input\":\"required name=search_term_string\"}],\"inLanguage\":\"de-DE\"},{\"@type\":\"ImageObject\",\"@id\":\"https:\/\/mysun.ch\/shop\/produit\/art-of-sun-tequila-gold-supreme-deep-tanning-lotion-with-bronzer-melanin-15-ml\/#primaryimage\",\"inLanguage\":\"de-DE\",\"url\":\"https:\/\/i0.wp.com\/mysun.ch\/wp-content\/uploads\/2021\/06\/480230.jpg?fit=600%2C600&ssl=1\",\"contentUrl\":\"https:\/\/i0.wp.com\/mysun.ch\/wp-content\/uploads\/2021\/06\/480230.jpg?fit=600%2C600&ssl=1\",\"width\":600,\"height\":600},{\"@type\":\"WebPage\",\"@id\":\"https:\/\/mysun.ch\/shop\/produit\/art-of-sun-tequila-gold-supreme-deep-tanning-lotion-with-bronzer-melanin-15-ml\/#webpage\",\"url\":\"https:\/\/mysun.ch\/shop\/produit\/art-of-sun-tequila-gold-supreme-deep-tanning-lotion-with-bronzer-melanin-15-ml\/\",\"name\":\"Art of Sun Tequila Gold Supreme Deep Tanning Lotion with Bronzer & Melanin 15 ml - My Sun Solarium\",\"isPartOf\":{\"@id\":\"https:\/\/mysun.ch\/#website\"},\"primaryImageOfPage\":{\"@id\":\"https:\/\/mysun.ch\/shop\/produit\/art-of-sun-tequila-gold-supreme-deep-tanning-lotion-with-bronzer-melanin-15-ml\/#primaryimage\"},\"datePublished\":\"2021-06-14T11:59:52+00:00\",\"dateModified\":\"2025-02-21T12:47:12+00:00\",\"breadcrumb\":{\"@id\":\"https:\/\/mysun.ch\/shop\/produit\/art-of-sun-tequila-gold-supreme-deep-tanning-lotion-with-bronzer-melanin-15-ml\/#breadcrumb\"},\"inLanguage\":\"de-DE\",\"potentialAction\":[{\"@type\":\"ReadAction\",\"target\":[\"https:\/\/mysun.ch\/shop\/produit\/art-of-sun-tequila-gold-supreme-deep-tanning-lotion-with-bronzer-melanin-15-ml\/\"]}]},{\"@type\":\"BreadcrumbList\",\"@id\":\"https:\/\/mysun.ch\/shop\/produit\/art-of-sun-tequila-gold-supreme-deep-tanning-lotion-with-bronzer-melanin-15-ml\/#breadcrumb\",\"itemListElement\":[{\"@type\":\"ListItem\",\"position\":1,\"name\":\"Home\",\"item\":\"https:\/\/mysun.ch\/\"},{\"@type\":\"ListItem\",\"position\":2,\"name\":\"Shop\",\"item\":\"https:\/\/mysun.ch\/shop\/\"},{\"@type\":\"ListItem\",\"position\":3,\"name\":\"Art of Sun Tequila Gold Supreme Deep Tanning Lotion with Bronzer &#038; Melanin 15 ml\"}]}]}<\/script>\n<!-- \/ Yoast SEO plugin. -->","yoast_head_json":{"title":"Art of Sun Tequila Gold Supreme Deep Tanning Lotion with Bronzer & Melanin 15 ml - My Sun Solarium","robots":{"index":"index","follow":"follow","max-snippet":"max-snippet:-1","max-image-preview":"max-image-preview:large","max-video-preview":"max-video-preview:-1"},"canonical":"https:\/\/mysun.ch\/de\/shop\/produit\/art-of-sun-tequila-gold-supreme-deep-tanning-lotion-with-bronzer-melanin-15-ml\/","og_locale":"de_DE","og_type":"article","og_title":"Art of Sun Tequila Gold Supreme Deep Tanning Lotion with Bronzer & Melanin 15 ml - My Sun Solarium","og_description":"Art of Sun Tequila Gold Supreme Lotion Bronzante Profonde \u00e0 la M\u00e9lanine 125 ml . Vous pouvez obtenir un bronzage magnifique et intensifi\u00e9 avec cette lotion de bronzage en profondeur Art of Sun Tequila Gold Supreme. Un produit haut de gamme sp\u00e9cialement d\u00e9velopp\u00e9 pour prolonger les r\u00e9sultats de bronzage. Car avec cette lotion vous activez,...","og_url":"https:\/\/mysun.ch\/de\/shop\/produit\/art-of-sun-tequila-gold-supreme-deep-tanning-lotion-with-bronzer-melanin-15-ml\/","og_site_name":"My Sun Solarium","article_publisher":"https:\/\/facebook.com\/mysunsolariums","article_modified_time":"2025-02-21T12:47:12+00:00","og_image":[{"width":600,"height":600,"url":"https:\/\/mysun.ch\/wp-content\/uploads\/2021\/06\/480230.jpg","type":"image\/jpeg"}],"twitter_card":"summary_large_image","twitter_misc":{"Gesch\u00e4tzte Lesezeit":"2 Minuten"},"schema":{"@context":"https:\/\/schema.org","@graph":[{"@type":"Organization","@id":"https:\/\/mysun.ch\/#organization","name":"My Sun AG","url":"https:\/\/mysun.ch\/","sameAs":["https:\/\/facebook.com\/mysunsolariums","https:\/\/www.instagram.com\/mysunsolariums\/"],"logo":{"@type":"ImageObject","@id":"https:\/\/mysun.ch\/#logo","inLanguage":"de-DE","url":"https:\/\/mysun.ch\/wp-content\/uploads\/2021\/09\/image.png","contentUrl":"https:\/\/mysun.ch\/wp-content\/uploads\/2021\/09\/image.png","width":444,"height":200,"caption":"My Sun AG"},"image":{"@id":"https:\/\/mysun.ch\/#logo"}},{"@type":"WebSite","@id":"https:\/\/mysun.ch\/#website","url":"https:\/\/mysun.ch\/","name":"My Sun Solarium","description":"Centre de solarium dans toutes la Suisse","publisher":{"@id":"https:\/\/mysun.ch\/#organization"},"potentialAction":[{"@type":"SearchAction","target":{"@type":"EntryPoint","urlTemplate":"https:\/\/mysun.ch\/?s={search_term_string}"},"query-input":"required name=search_term_string"}],"inLanguage":"de-DE"},{"@type":"ImageObject","@id":"https:\/\/mysun.ch\/shop\/produit\/art-of-sun-tequila-gold-supreme-deep-tanning-lotion-with-bronzer-melanin-15-ml\/#primaryimage","inLanguage":"de-DE","url":"https:\/\/i0.wp.com\/mysun.ch\/wp-content\/uploads\/2021\/06\/480230.jpg?fit=600%2C600&ssl=1","contentUrl":"https:\/\/i0.wp.com\/mysun.ch\/wp-content\/uploads\/2021\/06\/480230.jpg?fit=600%2C600&ssl=1","width":600,"height":600},{"@type":"WebPage","@id":"https:\/\/mysun.ch\/shop\/produit\/art-of-sun-tequila-gold-supreme-deep-tanning-lotion-with-bronzer-melanin-15-ml\/#webpage","url":"https:\/\/mysun.ch\/shop\/produit\/art-of-sun-tequila-gold-supreme-deep-tanning-lotion-with-bronzer-melanin-15-ml\/","name":"Art of Sun Tequila Gold Supreme Deep Tanning Lotion with Bronzer & Melanin 15 ml - My Sun Solarium","isPartOf":{"@id":"https:\/\/mysun.ch\/#website"},"primaryImageOfPage":{"@id":"https:\/\/mysun.ch\/shop\/produit\/art-of-sun-tequila-gold-supreme-deep-tanning-lotion-with-bronzer-melanin-15-ml\/#primaryimage"},"datePublished":"2021-06-14T11:59:52+00:00","dateModified":"2025-02-21T12:47:12+00:00","breadcrumb":{"@id":"https:\/\/mysun.ch\/shop\/produit\/art-of-sun-tequila-gold-supreme-deep-tanning-lotion-with-bronzer-melanin-15-ml\/#breadcrumb"},"inLanguage":"de-DE","potentialAction":[{"@type":"ReadAction","target":["https:\/\/mysun.ch\/shop\/produit\/art-of-sun-tequila-gold-supreme-deep-tanning-lotion-with-bronzer-melanin-15-ml\/"]}]},{"@type":"BreadcrumbList","@id":"https:\/\/mysun.ch\/shop\/produit\/art-of-sun-tequila-gold-supreme-deep-tanning-lotion-with-bronzer-melanin-15-ml\/#breadcrumb","itemListElement":[{"@type":"ListItem","position":1,"name":"Home","item":"https:\/\/mysun.ch\/"},{"@type":"ListItem","position":2,"name":"Shop","item":"https:\/\/mysun.ch\/shop\/"},{"@type":"ListItem","position":3,"name":"Art of Sun Tequila Gold Supreme Deep Tanning Lotion with Bronzer &#038; Melanin 15 ml"}]}]}},"_links":{"self":[{"href":"https:\/\/mysun.ch\/de\/wp-json\/wp\/v2\/product\/3531"}],"collection":[{"href":"https:\/\/mysun.ch\/de\/wp-json\/wp\/v2\/product"}],"about":[{"href":"https:\/\/mysun.ch\/de\/wp-json\/wp\/v2\/types\/product"}],"replies":[{"embeddable":true,"href":"https:\/\/mysun.ch\/de\/wp-json\/wp\/v2\/comments?post=3531"}],"wp:featuredmedia":[{"embeddable":true,"href":"https:\/\/mysun.ch\/de\/wp-json\/wp\/v2\/media\/3533"}],"wp:attachment":[{"href":"https:\/\/mysun.ch\/de\/wp-json\/wp\/v2\/media?parent=3531"}],"wp:term":[{"taxonomy":"product_cat","embeddable":true,"href":"https:\/\/mysun.ch\/de\/wp-json\/wp\/v2\/product_cat?post=3531"},{"taxonomy":"product_tag","embeddable":true,"href":"https:\/\/mysun.ch\/de\/wp-json\/wp\/v2\/product_tag?post=3531"}],"curies":[{"name":"wp","href":"https:\/\/api.w.org\/{rel}","templated":true}]}}