{"id":88,"date":"2021-05-01T19:25:42","date_gmt":"2021-05-01T17:25:42","guid":{"rendered":"http:\/\/mysun\/?page_id=88"},"modified":"2023-03-28T11:57:48","modified_gmt":"2023-03-28T09:57:48","slug":"contact","status":"publish","type":"page","link":"https:\/\/mysun.ch\/en\/contact\/","title":{"rendered":"Contact"},"content":{"rendered":"<div data-elementor-type=\"wp-page\" data-elementor-id=\"88\" data-post-id=\"88\" data-obj-id=\"88\" class=\"elementor elementor-88 dce-elementor-post-88\" data-elementor-settings=\"[]\">\n\t\t\t\t\t\t<div class=\"elementor-inner\">\n\t\t\t\t\t\t\t<div class=\"elementor-section-wrap\">\n\t\t\t\t\t\t\t<section data-dce-background-overlay-color=\"#ffffff\" class=\"elementor-section elementor-top-section elementor-element elementor-element-12fc940 envato-kit-141-top-0 elementor-section-boxed elementor-section-height-default elementor-section-height-default\" data-id=\"12fc940\" data-element_type=\"section\" data-settings=\"{&quot;background_background&quot;:&quot;classic&quot;}\">\n\t\t\t\t\t\t\t<div class=\"elementor-background-overlay\"><\/div>\n\t\t\t\t\t\t\t<div class=\"elementor-container elementor-column-gap-wider\">\n\t\t\t\t\t\t\t<div class=\"elementor-row\">\n\t\t\t\t\t<div class=\"elementor-column elementor-col-100 elementor-top-column elementor-element elementor-element-1abeb943\" data-id=\"1abeb943\" data-element_type=\"column\">\n\t\t\t<div class=\"elementor-column-wrap elementor-element-populated\">\n\t\t\t\t\t\t\t<div class=\"elementor-widget-wrap\">\n\t\t\t\t\t\t<div class=\"elementor-element elementor-element-5df8ba84 elementor-invisible elementor-widget elementor-widget-heading\" data-id=\"5df8ba84\" data-element_type=\"widget\" data-settings=\"{&quot;_animation&quot;:&quot;fadeIn&quot;,&quot;_animation_delay&quot;:150}\" data-widget_type=\"heading.default\">\n\t\t\t\t<div class=\"elementor-widget-container\">\n\t\t\t<h2 class=\"elementor-heading-title elementor-size-default\">WE WOULD LIKE TO HEAR FROM YOU<\/h2>\t\t<\/div>\n\t\t\t\t<\/div>\n\t\t\t\t<div class=\"elementor-element elementor-element-607e083c elementor-invisible elementor-widget elementor-widget-heading\" data-id=\"607e083c\" data-element_type=\"widget\" data-settings=\"{&quot;_animation&quot;:&quot;fadeIn&quot;,&quot;_animation_delay&quot;:100}\" data-widget_type=\"heading.default\">\n\t\t\t\t<div class=\"elementor-widget-container\">\n\t\t\t<h1 class=\"elementor-heading-title elementor-size-default\">Stay connected<\/h1>\t\t<\/div>\n\t\t\t\t<\/div>\n\t\t\t\t<div class=\"elementor-element elementor-element-5656afe5 elementor-widget-divider--view-line elementor-invisible elementor-widget elementor-widget-divider\" data-id=\"5656afe5\" data-element_type=\"widget\" data-settings=\"{&quot;_animation&quot;:&quot;fadeIn&quot;,&quot;_animation_delay&quot;:200}\" data-widget_type=\"divider.default\">\n\t\t\t\t<div class=\"elementor-widget-container\">\n\t\t\t\t\t<div class=\"elementor-divider\">\n\t\t\t<span class=\"elementor-divider-separator\">\n\t\t\t\t\t\t<\/span>\n\t\t<\/div>\n\t\t\t\t<\/div>\n\t\t\t\t<\/div>\n\t\t\t\t<div class=\"elementor-element elementor-element-570af6d1 elementor-invisible elementor-widget elementor-widget-heading\" data-id=\"570af6d1\" data-element_type=\"widget\" data-settings=\"{&quot;_animation&quot;:&quot;fadeIn&quot;,&quot;_animation_delay&quot;:250}\" data-widget_type=\"heading.default\">\n\t\t\t\t<div class=\"elementor-widget-container\">\n\t\t\t<h2 class=\"elementor-heading-title elementor-size-default\">Please feel free to contact us if you need more information or if you have any problems with any of our My Sun Solarium centers.\n\nPlease fill out the form below or call us.<\/h2>\t\t<\/div>\n\t\t\t\t<\/div>\n\t\t\t\t\t\t<\/div>\n\t\t\t\t\t<\/div>\n\t\t<\/div>\n\t\t\t\t\t\t\t\t<\/div>\n\t\t\t\t\t<\/div>\n\t\t<\/section>\n\t\t\t\t<section data-dce-background-overlay-color=\"#ffffff\" class=\"elementor-section elementor-top-section elementor-element elementor-element-6f53f848 envato-kit-141-top-0 elementor-section-content-middle elementor-section-boxed elementor-section-height-default elementor-section-height-default\" data-id=\"6f53f848\" data-element_type=\"section\" data-settings=\"{&quot;background_background&quot;:&quot;classic&quot;}\">\n\t\t\t\t\t\t\t<div class=\"elementor-background-overlay\"><\/div>\n\t\t\t\t\t\t\t<div class=\"elementor-container elementor-column-gap-wider\">\n\t\t\t\t\t\t\t<div class=\"elementor-row\">\n\t\t\t\t\t<div class=\"elementor-column elementor-col-50 elementor-top-column elementor-element elementor-element-2ed06314\" data-id=\"2ed06314\" data-element_type=\"column\">\n\t\t\t<div class=\"elementor-column-wrap elementor-element-populated\">\n\t\t\t\t\t\t\t<div class=\"elementor-widget-wrap\">\n\t\t\t\t\t\t<div class=\"elementor-element elementor-element-46a9431 elementor-widget elementor-widget-dyncontel-acf-google-maps\" data-id=\"46a9431\" data-element_type=\"widget\" data-settings=\"{&quot;map_data_type&quot;:&quot;address&quot;,&quot;style_select&quot;:&quot;prestyle&quot;,&quot;snazzy_select&quot;:&quot;https:\\\/\\\/mysun.ch\\\/wp-content\\\/plugins\\\/dynamic-content-for-elementor\\\/assets\\\/maps_style\\\/Light_gray&quot;,&quot;custom_infoWindow_wysiwig&quot;:&quot;&lt;p&gt;My Sun AG, Bernstrasse 123,3052 Zollikofen&lt;\\\/p&gt;&quot;,&quot;imageMarker&quot;:{&quot;url&quot;:&quot;https:\\\/\\\/mysun.ch\\\/wp-content\\\/uploads\\\/2021\\\/05\\\/marker_small-1.png&quot;,&quot;id&quot;:1014,&quot;alt&quot;:&quot;&quot;,&quot;source&quot;:&quot;library&quot;},&quot;marker_width&quot;:50,&quot;marker_height&quot;:50,&quot;geolocation&quot;:&quot;no&quot;,&quot;map_type&quot;:&quot;roadmap&quot;,&quot;enable_infoWindow&quot;:&quot;yes&quot;,&quot;zoomcontrol&quot;:&quot;yes&quot;,&quot;infoWindow_panel_maxwidth&quot;:{&quot;unit&quot;:&quot;px&quot;,&quot;size&quot;:&quot;&quot;,&quot;sizes&quot;:[]},&quot;infoWindow_panel_maxwidth_tablet&quot;:{&quot;unit&quot;:&quot;px&quot;,&quot;size&quot;:&quot;&quot;,&quot;sizes&quot;:[]},&quot;infoWindow_panel_maxwidth_mobile&quot;:{&quot;unit&quot;:&quot;px&quot;,&quot;size&quot;:&quot;&quot;,&quot;sizes&quot;:[]}}\" data-widget_type=\"dyncontel-acf-google-maps.default\">\n\t\t\t\t<div class=\"elementor-widget-container\">\n\t\t\t<div data-zoom=\"14\" class=\"map\" data-positions=\"[{&quot;address&quot;:&quot;My Sun AG, Bernstrasse 123,3052 Zollikofen&quot;,&quot;lat&quot;:0,&quot;lng&quot;:0,&quot;marker&quot;:&quot;https:\\\/\\\/mysun.ch\\\/wp-content\\\/uploads\\\/2021\\\/05\\\/marker_small-1.png&quot;,&quot;link&quot;:&quot;&quot;,&quot;infowindow&quot;:&quot;&lt;div class=\\&quot;dce-iw-textzone\\&quot;&gt;&lt;p&gt;My Sun AG, Bernstrasse 123,3052 Zollikofen&lt;\\\/p&gt;&lt;\\\/div&gt;&quot;}]\" style=\"width: 100%\"><\/div>\t\t<\/div>\n\t\t\t\t<\/div>\n\t\t\t\t<section class=\"elementor-section elementor-inner-section elementor-element elementor-element-40cd9edf elementor-section-boxed elementor-section-height-default elementor-section-height-default\" data-id=\"40cd9edf\" data-element_type=\"section\">\n\t\t\t\t\t\t<div class=\"elementor-container elementor-column-gap-no\">\n\t\t\t\t\t\t\t<div class=\"elementor-row\">\n\t\t\t\t\t<div class=\"elementor-column elementor-col-50 elementor-inner-column elementor-element elementor-element-716ac128 elementor-invisible\" data-id=\"716ac128\" data-element_type=\"column\" data-settings=\"{&quot;animation&quot;:&quot;fadeIn&quot;,&quot;animation_delay&quot;:150}\">\n\t\t\t<div class=\"elementor-column-wrap elementor-element-populated\">\n\t\t\t\t\t\t\t<div class=\"elementor-widget-wrap\">\n\t\t\t\t\t\t<div class=\"elementor-element elementor-element-6f24f6c3 elementor-widget elementor-widget-heading\" data-id=\"6f24f6c3\" data-element_type=\"widget\" data-widget_type=\"heading.default\">\n\t\t\t\t<div class=\"elementor-widget-container\">\n\t\t\t<h2 class=\"elementor-heading-title elementor-size-default\">CONTACT US BY<\/h2>\t\t<\/div>\n\t\t\t\t<\/div>\n\t\t\t\t<div class=\"elementor-element elementor-element-3fa1ccb0 elementor-icon-list--layout-traditional elementor-list-item-link-full_width elementor-widget elementor-widget-icon-list\" data-id=\"3fa1ccb0\" data-element_type=\"widget\" data-widget_type=\"icon-list.default\">\n\t\t\t\t<div class=\"elementor-widget-container\">\n\t\t\t\t\t<ul class=\"elementor-icon-list-items\">\n\t\t\t\t\t\t\t<li class=\"elementor-icon-list-item\">\n\t\t\t\t\t\t\t\t\t\t\t<span class=\"elementor-icon-list-icon\">\n\t\t\t\t\t\t\t<i aria-hidden=\"true\" class=\"fas fa-map-marker-alt\"><\/i>\t\t\t\t\t\t<\/span>\n\t\t\t\t\t\t\t\t\t\t<span class=\"elementor-icon-list-text\">My Sun AG<br>Bernstrasse 123<br>3052 Zollikofen<\/span>\n\t\t\t\t\t\t\t\t\t<\/li>\n\t\t\t\t\t\t\t\t<li class=\"elementor-icon-list-item\">\n\t\t\t\t\t\t\t\t\t\t\t<a href=\"https:\/\/mysun.ch\/en\/solariums-v1\/\">\n\n\t\t\t\t\t\t\t\t\t\t\t\t<span class=\"elementor-icon-list-icon\">\n\t\t\t\t\t\t\t<i aria-hidden=\"true\" class=\"fas fa-phone\"><\/i>\t\t\t\t\t\t<\/span>\n\t\t\t\t\t\t\t\t\t\t<span class=\"elementor-icon-list-text\">Voir les num\u00e9ros de t\u00e9l\u00e9phone<\/span>\n\t\t\t\t\t\t\t\t\t\t\t<\/a>\n\t\t\t\t\t\t\t\t\t<\/li>\n\t\t\t\t\t\t\t\t<li class=\"elementor-icon-list-item\">\n\t\t\t\t\t\t\t\t\t\t\t<span class=\"elementor-icon-list-icon\">\n\t\t\t\t\t\t\t<i aria-hidden=\"true\" class=\"far fa-envelope-open\"><\/i>\t\t\t\t\t\t<\/span>\n\t\t\t\t\t\t\t\t\t\t<span class=\"elementor-icon-list-text\"><strong>info@mysun.ch<\/strong> (only for solariums in the canton of Bern)<\/span>\n\t\t\t\t\t\t\t\t\t<\/li>\n\t\t\t\t\t\t\t\t<li class=\"elementor-icon-list-item\">\n\t\t\t\t\t\t\t\t\t\t\t<span class=\"elementor-icon-list-icon\">\n\t\t\t\t\t\t\t<i aria-hidden=\"true\" class=\"far fa-envelope-open\"><\/i>\t\t\t\t\t\t<\/span>\n\t\t\t\t\t\t\t\t\t\t<span class=\"elementor-icon-list-text\"><strong>support@mysun.ch<\/strong> (only for solariums in the canton of Neuch\u00e2tel)<\/span>\n\t\t\t\t\t\t\t\t\t<\/li>\n\t\t\t\t\t\t<\/ul>\n\t\t\t\t<\/div>\n\t\t\t\t<\/div>\n\t\t\t\t\t\t<\/div>\n\t\t\t\t\t<\/div>\n\t\t<\/div>\n\t\t\t\t<div class=\"elementor-column elementor-col-50 elementor-inner-column elementor-element elementor-element-15221c42 elementor-invisible\" data-id=\"15221c42\" data-element_type=\"column\" data-settings=\"{&quot;animation&quot;:&quot;fadeIn&quot;,&quot;animation_delay&quot;:200}\">\n\t\t\t<div class=\"elementor-column-wrap elementor-element-populated\">\n\t\t\t\t\t\t\t<div class=\"elementor-widget-wrap\">\n\t\t\t\t\t\t<div class=\"elementor-element elementor-element-7ebde8e9 elementor-widget elementor-widget-heading\" data-id=\"7ebde8e9\" data-element_type=\"widget\" data-widget_type=\"heading.default\">\n\t\t\t\t<div class=\"elementor-widget-container\">\n\t\t\t<h2 class=\"elementor-heading-title elementor-size-default\">SOCIAL NETWORKS<\/h2>\t\t<\/div>\n\t\t\t\t<\/div>\n\t\t\t\t<div class=\"elementor-element elementor-element-1a02f909 elementor-icon-list--layout-traditional elementor-list-item-link-full_width elementor-widget elementor-widget-icon-list\" data-id=\"1a02f909\" data-element_type=\"widget\" data-widget_type=\"icon-list.default\">\n\t\t\t\t<div class=\"elementor-widget-container\">\n\t\t\t\t\t<ul class=\"elementor-icon-list-items\">\n\t\t\t\t\t\t\t<li class=\"elementor-icon-list-item\">\n\t\t\t\t\t\t\t\t\t\t\t<a href=\"https:\/\/instagram.com\/mysunsolariums\">\n\n\t\t\t\t\t\t\t\t\t\t\t\t<span class=\"elementor-icon-list-icon\">\n\t\t\t\t\t\t\t<i aria-hidden=\"true\" class=\"fab fa-instagram\"><\/i>\t\t\t\t\t\t<\/span>\n\t\t\t\t\t\t\t\t\t\t<span class=\"elementor-icon-list-text\">mysunsolariums<\/span>\n\t\t\t\t\t\t\t\t\t\t\t<\/a>\n\t\t\t\t\t\t\t\t\t<\/li>\n\t\t\t\t\t\t\t\t<li class=\"elementor-icon-list-item\">\n\t\t\t\t\t\t\t\t\t\t\t<a href=\"https:\/\/facebook.com\/mysunsolariums\">\n\n\t\t\t\t\t\t\t\t\t\t\t\t<span class=\"elementor-icon-list-icon\">\n\t\t\t\t\t\t\t<i aria-hidden=\"true\" class=\"fab fa-facebook-f\"><\/i>\t\t\t\t\t\t<\/span>\n\t\t\t\t\t\t\t\t\t\t<span class=\"elementor-icon-list-text\">mysunsolariums<\/span>\n\t\t\t\t\t\t\t\t\t\t\t<\/a>\n\t\t\t\t\t\t\t\t\t<\/li>\n\t\t\t\t\t\t<\/ul>\n\t\t\t\t<\/div>\n\t\t\t\t<\/div>\n\t\t\t\t\t\t<\/div>\n\t\t\t\t\t<\/div>\n\t\t<\/div>\n\t\t\t\t\t\t\t\t<\/div>\n\t\t\t\t\t<\/div>\n\t\t<\/section>\n\t\t\t\t\t\t<\/div>\n\t\t\t\t\t<\/div>\n\t\t<\/div>\n\t\t\t\t<div class=\"elementor-column elementor-col-50 elementor-top-column elementor-element elementor-element-1d74364e envato-kit-141-newsletter-inline elementor-invisible\" data-id=\"1d74364e\" data-element_type=\"column\" data-settings=\"{&quot;background_background&quot;:&quot;classic&quot;,&quot;animation&quot;:&quot;pulse&quot;,&quot;animation_delay&quot;:200}\">\n\t\t\t<div class=\"elementor-column-wrap elementor-element-populated\">\n\t\t\t\t\t\t\t<div class=\"elementor-widget-wrap\">\n\t\t\t\t\t\t<div class=\"elementor-element elementor-element-1ab51586 elementor-widget elementor-widget-heading\" data-id=\"1ab51586\" data-element_type=\"widget\" data-widget_type=\"heading.default\">\n\t\t\t\t<div class=\"elementor-widget-container\">\n\t\t\t<h2 class=\"elementor-heading-title elementor-size-default\">Send us a message<\/h2>\t\t<\/div>\n\t\t\t\t<\/div>\n\t\t\t\t<div class=\"elementor-element elementor-element-5b25d078 elementor-widget-divider--view-line elementor-widget elementor-widget-divider\" data-id=\"5b25d078\" data-element_type=\"widget\" data-widget_type=\"divider.default\">\n\t\t\t\t<div class=\"elementor-widget-container\">\n\t\t\t\t\t<div class=\"elementor-divider\">\n\t\t\t<span class=\"elementor-divider-separator\">\n\t\t\t\t\t\t<\/span>\n\t\t<\/div>\n\t\t\t\t<\/div>\n\t\t\t\t<\/div>\n\t\t\t\t<div class=\"elementor-element elementor-element-50da4751 elementor-button-align-stretch elementor-widget elementor-widget-form\" data-id=\"50da4751\" data-element_type=\"widget\" data-settings=\"{&quot;step_next_label&quot;:&quot;Next&quot;,&quot;step_previous_label&quot;:&quot;Previous&quot;,&quot;dce_confirm_dialog_enabled&quot;:&quot;no&quot;,&quot;step_type&quot;:&quot;number_text&quot;,&quot;step_icon_shape&quot;:&quot;circle&quot;,&quot;label_icon_size&quot;:{&quot;unit&quot;:&quot;px&quot;,&quot;size&quot;:&quot;&quot;,&quot;sizes&quot;:[]},&quot;field_icon_size&quot;:{&quot;unit&quot;:&quot;px&quot;,&quot;size&quot;:&quot;&quot;,&quot;sizes&quot;:[]}}\" data-widget_type=\"form.default\">\n\t\t\t\t<div class=\"elementor-widget-container\">\n\t\t\t\t\t<form class=\"elementor-form\" method=\"post\" name=\"New Form\" action=\"\">\n\t\t\t<input type=\"hidden\" name=\"post_id\" value=\"88\"\/>\n\t\t\t<input type=\"hidden\" name=\"form_id\" value=\"50da4751\"\/>\n\t\t\t<input type=\"hidden\" name=\"referer_title\" value=\"My Sun Solarium\" \/>\n\n\t\t\t\n\t\t\t<div class=\"elementor-form-fields-wrapper elementor-labels-above\">\n\t\t\t\t\t\t\t\t<div class=\"elementor-field-type-text elementor-field-group elementor-column elementor-field-group-email elementor-col-100 elementor-field-required\">\n\t\t\t\t\t\t\t\t\t\t\t\t\t<input size=\"1\" type=\"text\" name=\"form_fields[email]\" id=\"form-field-email\" class=\"elementor-field elementor-size-md  elementor-field-textual\" placeholder=\"Name\" required=\"required\" aria-required=\"true\">\n\t\t\t\t\t\t\t\t\t\t\t<\/div>\n\t\t\t\t\t\t\t\t<div class=\"elementor-field-type-email elementor-field-group elementor-column elementor-field-group-6850d19 elementor-col-100 elementor-field-required\">\n\t\t\t\t\t\t\t\t\t\t\t\t\t<input size=\"1\" type=\"email\" name=\"form_fields[6850d19]\" id=\"form-field-6850d19\" class=\"elementor-field elementor-size-md  elementor-field-textual\" placeholder=\"Email\" required=\"required\" aria-required=\"true\">\n\t\t\t\t\t\t\t\t\t\t\t<\/div>\n\t\t\t\t\t\t\t\t<div class=\"elementor-field-type-tel elementor-field-group elementor-column elementor-field-group-f9f57ad elementor-col-100\">\n\t\t\t\t\t\t\t<input size=\"1\" type=\"tel\" name=\"form_fields[f9f57ad]\" id=\"form-field-f9f57ad\" class=\"elementor-field elementor-size-md  elementor-field-textual\" placeholder=\"Phone\" pattern=\"[0-9()#&amp;+*-=.]+\" title=\"Only numbers and phone characters (#, -, *, etc) are accepted.\">\n\n\t\t\t\t\t\t<\/div>\n\t\t\t\t\t\t\t\t<div class=\"elementor-field-type-textarea elementor-field-group elementor-column elementor-field-group-da6d553 elementor-col-100 elementor-field-required\">\n\t\t\t\t\t<textarea class=\"elementor-field-textual elementor-field  elementor-size-md\" name=\"form_fields[da6d553]\" id=\"form-field-da6d553\" rows=\"4\" placeholder=\"Message\" required=\"required\" aria-required=\"true\"><\/textarea>\t\t\t\t<\/div>\n\t\t\t\t\t\t\t\t<div class=\"elementor-field-group elementor-column elementor-field-type-submit elementor-col-100 e-form__buttons\">\n\t\t\t\t\t<button type=\"submit\" class=\"elementor-button elementor-size-md\">\n\t\t\t\t\t\t<span >\n\t\t\t\t\t\t\t\t\t\t\t\t\t\t\t<span class=\"elementor-button-icon\">\n\t\t\t\t\t\t\t\t\t\t\t\t\t\t\t\t\t\t\t\t\t\t\t\t\t\t<\/span>\n\t\t\t\t\t\t\t\t\t\t\t\t\t\t\t\t\t\t\t\t\t\t<span class=\"elementor-button-text\">Send the message<\/span>\n\t\t\t\t\t\t\t\t\t\t\t\t\t<\/span>\n\t\t\t\t\t<\/button>\n\t\t\t\t<\/div>\n\t\t\t<\/div>\n\t\t<input type=\"hidden\" name=\"trp-form-language\" value=\"en\"\/><\/form>\n\t\t\t\t<\/div>\n\t\t\t\t<\/div>\n\t\t\t\t\t\t<\/div>\n\t\t\t\t\t<\/div>\n\t\t<\/div>\n\t\t\t\t\t\t\t\t<\/div>\n\t\t\t\t\t<\/div>\n\t\t<\/section>\n\t\t\t\t\t\t<\/div>\n\t\t\t\t\t\t<\/div>\n\t\t\t\t\t<\/div>","protected":false},"excerpt":{"rendered":"<p>NOUS AIMERIONS AVOIR DE VOS NOUVELLES Restez connect\u00e9 N&rsquo;h\u00e9sitez pas \u00e0 nous contacter pour tout compl\u00e9ment d&rsquo;information ou en cas de probl\u00e8me avec l&rsquo;un de nos centres de bronzage My Sun Solarium. Veuillez remplir le formulaire ci-dessous ou nous appeler par t\u00e9l\u00e9phone. NOUS JOINDRE PAR My Sun AGBernstrasse 1233052 Zollikofen Voir les num\u00e9ros de t\u00e9l\u00e9phone&#8230;<\/p>","protected":false},"author":1,"featured_media":0,"parent":0,"menu_order":5,"comment_status":"closed","ping_status":"closed","template":"","meta":{"_mi_skip_tracking":false,"_kad_post_transparent":"","_kad_post_title":"hide","_kad_post_layout":"fullwidth","_kad_post_sidebar_id":"","_kad_post_content_style":"unboxed","_kad_post_vertical_padding":"hide","_kad_post_feature":"hide","_kad_post_feature_position":"","_kad_post_header":false,"_kad_post_footer":false,"spay_email":"","footnotes":""},"folder":[],"acf":[],"yoast_head":"<!-- This site is optimized with the Yoast SEO plugin v18.3 - https:\/\/yoast.com\/wordpress\/plugins\/seo\/ -->\n<title>Contact - My Sun Solarium<\/title>\n<meta name=\"description\" content=\"N&#039;h\u00e9sitez pas \u00e0 nous contacter pour tout compl\u00e9ment d&#039;information. ou en cas de probl\u00e8me avec l&#039;un de nos centres de bronzage My Sun Solarium\" \/>\n<meta name=\"robots\" content=\"index, follow, max-snippet:-1, max-image-preview:large, max-video-preview:-1\" \/>\n<link rel=\"canonical\" href=\"https:\/\/mysun.ch\/en\/contact\/\" \/>\n<meta property=\"og:locale\" content=\"en_US\" \/>\n<meta property=\"og:type\" content=\"article\" \/>\n<meta property=\"og:title\" content=\"Contact - My Sun Solarium\" \/>\n<meta property=\"og:description\" content=\"N&#039;h\u00e9sitez pas \u00e0 nous contacter pour tout compl\u00e9ment d&#039;information. ou en cas de probl\u00e8me avec l&#039;un de nos centres de bronzage My Sun Solarium\" \/>\n<meta property=\"og:url\" content=\"https:\/\/mysun.ch\/en\/contact\/\" \/>\n<meta property=\"og:site_name\" content=\"My Sun Solarium\" \/>\n<meta property=\"article:publisher\" content=\"https:\/\/facebook.com\/mysunsolariums\" \/>\n<meta property=\"article:modified_time\" content=\"2023-03-28T09:57:48+00:00\" \/>\n<meta property=\"og:image\" content=\"https:\/\/i0.wp.com\/mysun.ch\/wp-content\/uploads\/2021\/09\/image.png?fit=444%2C200&#038;ssl=1\" \/>\n\t<meta property=\"og:image:width\" content=\"444\" \/>\n\t<meta property=\"og:image:height\" content=\"200\" \/>\n\t<meta property=\"og:image:type\" content=\"image\/png\" \/>\n<meta name=\"twitter:card\" content=\"summary_large_image\" \/>\n<meta name=\"twitter:label1\" content=\"Est. reading time\" \/>\n\t<meta name=\"twitter:data1\" content=\"6 minutes\" \/>\n<script type=\"application\/ld+json\" class=\"yoast-schema-graph\">{\"@context\":\"https:\/\/schema.org\",\"@graph\":[{\"@type\":\"Organization\",\"@id\":\"https:\/\/mysun.ch\/#organization\",\"name\":\"My Sun AG\",\"url\":\"https:\/\/mysun.ch\/\",\"sameAs\":[\"https:\/\/facebook.com\/mysunsolariums\",\"https:\/\/www.instagram.com\/mysunsolariums\/\"],\"logo\":{\"@type\":\"ImageObject\",\"@id\":\"https:\/\/mysun.ch\/#logo\",\"inLanguage\":\"en-US\",\"url\":\"https:\/\/mysun.ch\/wp-content\/uploads\/2021\/09\/image.png\",\"contentUrl\":\"https:\/\/mysun.ch\/wp-content\/uploads\/2021\/09\/image.png\",\"width\":444,\"height\":200,\"caption\":\"My Sun AG\"},\"image\":{\"@id\":\"https:\/\/mysun.ch\/#logo\"}},{\"@type\":\"WebSite\",\"@id\":\"https:\/\/mysun.ch\/#website\",\"url\":\"https:\/\/mysun.ch\/\",\"name\":\"My Sun Solarium\",\"description\":\"Centre de solarium dans toutes la Suisse\",\"publisher\":{\"@id\":\"https:\/\/mysun.ch\/#organization\"},\"potentialAction\":[{\"@type\":\"SearchAction\",\"target\":{\"@type\":\"EntryPoint\",\"urlTemplate\":\"https:\/\/mysun.ch\/?s={search_term_string}\"},\"query-input\":\"required name=search_term_string\"}],\"inLanguage\":\"en-US\"},{\"@type\":\"WebPage\",\"@id\":\"https:\/\/mysun.ch\/contact\/#webpage\",\"url\":\"https:\/\/mysun.ch\/contact\/\",\"name\":\"Contact - My Sun Solarium\",\"isPartOf\":{\"@id\":\"https:\/\/mysun.ch\/#website\"},\"datePublished\":\"2021-05-01T17:25:42+00:00\",\"dateModified\":\"2023-03-28T09:57:48+00:00\",\"description\":\"N'h\u00e9sitez pas \u00e0 nous contacter pour tout compl\u00e9ment d'information. ou en cas de probl\u00e8me avec l'un de nos centres de bronzage My Sun Solarium\",\"breadcrumb\":{\"@id\":\"https:\/\/mysun.ch\/contact\/#breadcrumb\"},\"inLanguage\":\"en-US\",\"potentialAction\":[{\"@type\":\"ReadAction\",\"target\":[\"https:\/\/mysun.ch\/contact\/\"]}]},{\"@type\":\"BreadcrumbList\",\"@id\":\"https:\/\/mysun.ch\/contact\/#breadcrumb\",\"itemListElement\":[{\"@type\":\"ListItem\",\"position\":1,\"name\":\"Home\",\"item\":\"https:\/\/mysun.ch\/\"},{\"@type\":\"ListItem\",\"position\":2,\"name\":\"Contact\"}]}]}<\/script>\n<!-- \/ Yoast SEO plugin. -->","yoast_head_json":{"title":"Contact - My Sun Solarium","description":"N'h\u00e9sitez pas \u00e0 nous contacter pour tout compl\u00e9ment d'information. ou en cas de probl\u00e8me avec l'un de nos centres de bronzage My Sun Solarium","robots":{"index":"index","follow":"follow","max-snippet":"max-snippet:-1","max-image-preview":"max-image-preview:large","max-video-preview":"max-video-preview:-1"},"canonical":"https:\/\/mysun.ch\/en\/contact\/","og_locale":"en_US","og_type":"article","og_title":"Contact - My Sun Solarium","og_description":"N'h\u00e9sitez pas \u00e0 nous contacter pour tout compl\u00e9ment d'information. ou en cas de probl\u00e8me avec l'un de nos centres de bronzage My Sun Solarium","og_url":"https:\/\/mysun.ch\/en\/contact\/","og_site_name":"My Sun Solarium","article_publisher":"https:\/\/facebook.com\/mysunsolariums","article_modified_time":"2023-03-28T09:57:48+00:00","og_image":[{"width":444,"height":200,"url":"https:\/\/i0.wp.com\/mysun.ch\/wp-content\/uploads\/2021\/09\/image.png?fit=444%2C200&ssl=1","type":"image\/png"}],"twitter_card":"summary_large_image","twitter_misc":{"Est. reading time":"6 minutes"},"schema":{"@context":"https:\/\/schema.org","@graph":[{"@type":"Organization","@id":"https:\/\/mysun.ch\/#organization","name":"My Sun AG","url":"https:\/\/mysun.ch\/","sameAs":["https:\/\/facebook.com\/mysunsolariums","https:\/\/www.instagram.com\/mysunsolariums\/"],"logo":{"@type":"ImageObject","@id":"https:\/\/mysun.ch\/#logo","inLanguage":"en-US","url":"https:\/\/mysun.ch\/wp-content\/uploads\/2021\/09\/image.png","contentUrl":"https:\/\/mysun.ch\/wp-content\/uploads\/2021\/09\/image.png","width":444,"height":200,"caption":"My Sun AG"},"image":{"@id":"https:\/\/mysun.ch\/#logo"}},{"@type":"WebSite","@id":"https:\/\/mysun.ch\/#website","url":"https:\/\/mysun.ch\/","name":"My Sun Solarium","description":"Centre de solarium dans toutes la Suisse","publisher":{"@id":"https:\/\/mysun.ch\/#organization"},"potentialAction":[{"@type":"SearchAction","target":{"@type":"EntryPoint","urlTemplate":"https:\/\/mysun.ch\/?s={search_term_string}"},"query-input":"required name=search_term_string"}],"inLanguage":"en-US"},{"@type":"WebPage","@id":"https:\/\/mysun.ch\/contact\/#webpage","url":"https:\/\/mysun.ch\/contact\/","name":"Contact - My Sun Solarium","isPartOf":{"@id":"https:\/\/mysun.ch\/#website"},"datePublished":"2021-05-01T17:25:42+00:00","dateModified":"2023-03-28T09:57:48+00:00","description":"N'h\u00e9sitez pas \u00e0 nous contacter pour tout compl\u00e9ment d'information. ou en cas de probl\u00e8me avec l'un de nos centres de bronzage My Sun Solarium","breadcrumb":{"@id":"https:\/\/mysun.ch\/contact\/#breadcrumb"},"inLanguage":"en-US","potentialAction":[{"@type":"ReadAction","target":["https:\/\/mysun.ch\/contact\/"]}]},{"@type":"BreadcrumbList","@id":"https:\/\/mysun.ch\/contact\/#breadcrumb","itemListElement":[{"@type":"ListItem","position":1,"name":"Home","item":"https:\/\/mysun.ch\/"},{"@type":"ListItem","position":2,"name":"Contact"}]}]}},"_links":{"self":[{"href":"https:\/\/mysun.ch\/en\/wp-json\/wp\/v2\/pages\/88"}],"collection":[{"href":"https:\/\/mysun.ch\/en\/wp-json\/wp\/v2\/pages"}],"about":[{"href":"https:\/\/mysun.ch\/en\/wp-json\/wp\/v2\/types\/page"}],"author":[{"embeddable":true,"href":"https:\/\/mysun.ch\/en\/wp-json\/wp\/v2\/users\/1"}],"replies":[{"embeddable":true,"href":"https:\/\/mysun.ch\/en\/wp-json\/wp\/v2\/comments?post=88"}],"version-history":[{"count":124,"href":"https:\/\/mysun.ch\/en\/wp-json\/wp\/v2\/pages\/88\/revisions"}],"predecessor-version":[{"id":6715,"href":"https:\/\/mysun.ch\/en\/wp-json\/wp\/v2\/pages\/88\/revisions\/6715"}],"wp:attachment":[{"href":"https:\/\/mysun.ch\/en\/wp-json\/wp\/v2\/media?parent=88"}],"wp:term":[{"taxonomy":"folder","embeddable":true,"href":"https:\/\/mysun.ch\/en\/wp-json\/wp\/v2\/folder?post=88"}],"curies":[{"name":"wp","href":"https:\/\/api.w.org\/{rel}","templated":true}]}}