{"id":3508,"date":"2021-06-14T12:16:10","date_gmt":"2021-06-14T10:16:10","guid":{"rendered":"http:\/\/mysun.start\/?post_type=product&#038;p=3508"},"modified":"2025-02-20T17:51:16","modified_gmt":"2025-02-20T16:51:16","slug":"art-of-sun-black-super-dark-bronzer-15-ml","status":"publish","type":"product","link":"https:\/\/mysun.ch\/en\/shop\/produit\/art-of-sun-black-super-dark-bronzer-15-ml\/","title":{"rendered":"Art of Sun Black super dark bronzer 15 ml"},"content":{"rendered":"<p><span style=\"font-family: Arial\">Art of Sun OxyTan bronzant extr\u00eame<\/span><\/p>\n<p><span style=\"font-family: Arial\">The basis of these rich, tanning cosmetics are two essential ingredients ...<\/span><\/p>\n<p>&#8211;\u00a0<b>Aloe Vera<\/b>\u00a0contains a real cocktail of minerals and vitamins, provides the skin with nutrients and is the ideal moisturizer before going to tan.<\/p>\n<p>&#8211;\u00a0<b>AquaCacteen<\/b>\u00a0obtained from the Mexican prickly pear, it is rich in vitamins, minerals and antioxidants.<\/p>\n<p>It soothes and heals irritated skin, protects it from environmental influences and provides long-lasting care.<\/p>\n<p><span style=\"font-family: Arial\"><b>Desired effect<\/b>\u00a0:<\/span><\/p>\n<p><span style=\"font-family: Arial\">Strong tanning performance relevant ingredients for the<br \/>\ntanning : DHA<br \/>\nSkin care level: Powerful beauty care<br \/>\nIngredients with additional properties: Panthenol<\/span><\/p>\n<p><span style=\"font-family: Arial\">Content : 15 ml<\/span><\/p>","protected":false},"excerpt":{"rendered":"<p><span style=\"font-family: Arial\"><span>Art of Sun BLACK powder\u00a0<\/span><\/span><span><span style=\"font-family: Arial\">tanning\u00a0<\/span><span style=\"font-family: Arial\">super dark<\/span><\/span><\/p>\n<p><span style=\"font-family: Arial\"><span>Sophisticated tanning lotion with\u00a0<\/span><b><span>DHA<\/span><\/b><span>\u00a0to intensify your tan<br \/>\n<\/span><\/span><span style=\"font-family: Arial\"><b><span>Avoadco oil is<\/span><\/b><span>\u00a0a natural moisturizer that provides the skin with valuable proteins<br \/>\n<\/span><\/span><span style=\"font-family: Arial\"><b><span>Aloe Vera<\/span><\/b><span>\u00a0rich in minerals and vitamins, gives and binds moisture and provides the skin with nutrients<\/span><\/span><\/p>\n<p><span style=\"font-family: Arial\">Content : 15 ml<\/span><\/p>","protected":false},"featured_media":3509,"comment_status":"closed","ping_status":"closed","template":"","meta":{"_mi_skip_tracking":false,"_kad_post_transparent":"default","_kad_post_title":"","_kad_post_layout":"default","_kad_post_sidebar_id":"","_kad_post_content_style":"default","_kad_post_vertical_padding":"default","_kad_post_feature":"","_kad_post_feature_position":"","_kad_post_header":false,"_kad_post_footer":false,"spay_email":""},"product_cat":[84],"product_tag":[],"acf":[],"yoast_head":"<!-- This site is optimized with the Yoast SEO plugin v18.3 - https:\/\/yoast.com\/wordpress\/plugins\/seo\/ -->\n<title>Art of Sun Black super dark bronzer 15 ml - My Sun Solarium<\/title>\n<meta name=\"robots\" content=\"index, follow, max-snippet:-1, max-image-preview:large, max-video-preview:-1\" \/>\n<link rel=\"canonical\" href=\"https:\/\/mysun.ch\/en\/shop\/produit\/art-of-sun-black-super-dark-bronzer-15-ml\/\" \/>\n<meta property=\"og:locale\" content=\"en_US\" \/>\n<meta property=\"og:type\" content=\"article\" \/>\n<meta property=\"og:title\" content=\"Art of Sun Black super dark bronzer 15 ml - My Sun Solarium\" \/>\n<meta property=\"og:description\" content=\"Art of Sun BLACK poudre\u00a0bronzante\u00a0super fonc\u00e9e  Lotion de bronzage sophistiqu\u00e9e avec\u00a0DHA\u00a0pour intensifier le bronzage L&#039;huile d&#039;Avoadco est\u00a0un hydratant naturel qui fournit \u00e0 la peau des prot\u00e9ines pr\u00e9cieuses Aloe Vera\u00a0riche en min\u00e9raux et vitamines, donne et lie l&#039;humidit\u00e9 et fournit \u00e0 la peau des nutriments  Contenu : 15 ml\" \/>\n<meta property=\"og:url\" content=\"https:\/\/mysun.ch\/en\/shop\/produit\/art-of-sun-black-super-dark-bronzer-15-ml\/\" \/>\n<meta property=\"og:site_name\" content=\"My Sun Solarium\" \/>\n<meta property=\"article:publisher\" content=\"https:\/\/facebook.com\/mysunsolariums\" \/>\n<meta property=\"article:modified_time\" content=\"2025-02-20T16:51:16+00:00\" \/>\n<meta property=\"og:image\" content=\"https:\/\/i0.wp.com\/mysun.ch\/wp-content\/uploads\/2021\/06\/black_bronzer_sachet_15ml.jpg?fit=600%2C600&#038;ssl=1\" \/>\n\t<meta property=\"og:image:width\" content=\"600\" \/>\n\t<meta property=\"og:image:height\" content=\"600\" \/>\n\t<meta property=\"og:image:type\" content=\"image\/jpeg\" \/>\n<meta name=\"twitter:card\" content=\"summary_large_image\" \/>\n<meta name=\"twitter:label1\" content=\"Est. reading time\" \/>\n\t<meta name=\"twitter:data1\" content=\"1 minute\" \/>\n<script type=\"application\/ld+json\" class=\"yoast-schema-graph\">{\"@context\":\"https:\/\/schema.org\",\"@graph\":[{\"@type\":\"Organization\",\"@id\":\"https:\/\/mysun.ch\/#organization\",\"name\":\"My Sun AG\",\"url\":\"https:\/\/mysun.ch\/\",\"sameAs\":[\"https:\/\/facebook.com\/mysunsolariums\",\"https:\/\/www.instagram.com\/mysunsolariums\/\"],\"logo\":{\"@type\":\"ImageObject\",\"@id\":\"https:\/\/mysun.ch\/#logo\",\"inLanguage\":\"en-US\",\"url\":\"https:\/\/mysun.ch\/wp-content\/uploads\/2021\/09\/image.png\",\"contentUrl\":\"https:\/\/mysun.ch\/wp-content\/uploads\/2021\/09\/image.png\",\"width\":444,\"height\":200,\"caption\":\"My Sun AG\"},\"image\":{\"@id\":\"https:\/\/mysun.ch\/#logo\"}},{\"@type\":\"WebSite\",\"@id\":\"https:\/\/mysun.ch\/#website\",\"url\":\"https:\/\/mysun.ch\/\",\"name\":\"My Sun Solarium\",\"description\":\"Centre de solarium dans toutes la Suisse\",\"publisher\":{\"@id\":\"https:\/\/mysun.ch\/#organization\"},\"potentialAction\":[{\"@type\":\"SearchAction\",\"target\":{\"@type\":\"EntryPoint\",\"urlTemplate\":\"https:\/\/mysun.ch\/?s={search_term_string}\"},\"query-input\":\"required name=search_term_string\"}],\"inLanguage\":\"en-US\"},{\"@type\":\"ImageObject\",\"@id\":\"https:\/\/mysun.ch\/shop\/produit\/art-of-sun-black-super-dark-bronzer-15-ml\/#primaryimage\",\"inLanguage\":\"en-US\",\"url\":\"https:\/\/i0.wp.com\/mysun.ch\/wp-content\/uploads\/2021\/06\/black_bronzer_sachet_15ml.jpg?fit=600%2C600&ssl=1\",\"contentUrl\":\"https:\/\/i0.wp.com\/mysun.ch\/wp-content\/uploads\/2021\/06\/black_bronzer_sachet_15ml.jpg?fit=600%2C600&ssl=1\",\"width\":600,\"height\":600},{\"@type\":\"WebPage\",\"@id\":\"https:\/\/mysun.ch\/shop\/produit\/art-of-sun-black-super-dark-bronzer-15-ml\/#webpage\",\"url\":\"https:\/\/mysun.ch\/shop\/produit\/art-of-sun-black-super-dark-bronzer-15-ml\/\",\"name\":\"Art of Sun Black super dark bronzer 15 ml - My Sun Solarium\",\"isPartOf\":{\"@id\":\"https:\/\/mysun.ch\/#website\"},\"primaryImageOfPage\":{\"@id\":\"https:\/\/mysun.ch\/shop\/produit\/art-of-sun-black-super-dark-bronzer-15-ml\/#primaryimage\"},\"datePublished\":\"2021-06-14T10:16:10+00:00\",\"dateModified\":\"2025-02-20T16:51:16+00:00\",\"breadcrumb\":{\"@id\":\"https:\/\/mysun.ch\/shop\/produit\/art-of-sun-black-super-dark-bronzer-15-ml\/#breadcrumb\"},\"inLanguage\":\"en-US\",\"potentialAction\":[{\"@type\":\"ReadAction\",\"target\":[\"https:\/\/mysun.ch\/shop\/produit\/art-of-sun-black-super-dark-bronzer-15-ml\/\"]}]},{\"@type\":\"BreadcrumbList\",\"@id\":\"https:\/\/mysun.ch\/shop\/produit\/art-of-sun-black-super-dark-bronzer-15-ml\/#breadcrumb\",\"itemListElement\":[{\"@type\":\"ListItem\",\"position\":1,\"name\":\"Home\",\"item\":\"https:\/\/mysun.ch\/\"},{\"@type\":\"ListItem\",\"position\":2,\"name\":\"Shop\",\"item\":\"https:\/\/mysun.ch\/shop\/\"},{\"@type\":\"ListItem\",\"position\":3,\"name\":\"Art of Sun Black super dark bronzer 15 ml\"}]}]}<\/script>\n<!-- \/ Yoast SEO plugin. -->","yoast_head_json":{"title":"Art of Sun Black super dark bronzer 15 ml - My Sun Solarium","robots":{"index":"index","follow":"follow","max-snippet":"max-snippet:-1","max-image-preview":"max-image-preview:large","max-video-preview":"max-video-preview:-1"},"canonical":"https:\/\/mysun.ch\/en\/shop\/produit\/art-of-sun-black-super-dark-bronzer-15-ml\/","og_locale":"en_US","og_type":"article","og_title":"Art of Sun Black super dark bronzer 15 ml - My Sun Solarium","og_description":"Art of Sun BLACK poudre\u00a0bronzante\u00a0super fonc\u00e9e  Lotion de bronzage sophistiqu\u00e9e avec\u00a0DHA\u00a0pour intensifier le bronzage L'huile d'Avoadco est\u00a0un hydratant naturel qui fournit \u00e0 la peau des prot\u00e9ines pr\u00e9cieuses Aloe Vera\u00a0riche en min\u00e9raux et vitamines, donne et lie l'humidit\u00e9 et fournit \u00e0 la peau des nutriments  Contenu : 15 ml","og_url":"https:\/\/mysun.ch\/en\/shop\/produit\/art-of-sun-black-super-dark-bronzer-15-ml\/","og_site_name":"My Sun Solarium","article_publisher":"https:\/\/facebook.com\/mysunsolariums","article_modified_time":"2025-02-20T16:51:16+00:00","og_image":[{"width":600,"height":600,"url":"https:\/\/i0.wp.com\/mysun.ch\/wp-content\/uploads\/2021\/06\/black_bronzer_sachet_15ml.jpg?fit=600%2C600&ssl=1","type":"image\/jpeg"}],"twitter_card":"summary_large_image","twitter_misc":{"Est. reading time":"1 minute"},"schema":{"@context":"https:\/\/schema.org","@graph":[{"@type":"Organization","@id":"https:\/\/mysun.ch\/#organization","name":"My Sun AG","url":"https:\/\/mysun.ch\/","sameAs":["https:\/\/facebook.com\/mysunsolariums","https:\/\/www.instagram.com\/mysunsolariums\/"],"logo":{"@type":"ImageObject","@id":"https:\/\/mysun.ch\/#logo","inLanguage":"en-US","url":"https:\/\/mysun.ch\/wp-content\/uploads\/2021\/09\/image.png","contentUrl":"https:\/\/mysun.ch\/wp-content\/uploads\/2021\/09\/image.png","width":444,"height":200,"caption":"My Sun AG"},"image":{"@id":"https:\/\/mysun.ch\/#logo"}},{"@type":"WebSite","@id":"https:\/\/mysun.ch\/#website","url":"https:\/\/mysun.ch\/","name":"My Sun Solarium","description":"Centre de solarium dans toutes la Suisse","publisher":{"@id":"https:\/\/mysun.ch\/#organization"},"potentialAction":[{"@type":"SearchAction","target":{"@type":"EntryPoint","urlTemplate":"https:\/\/mysun.ch\/?s={search_term_string}"},"query-input":"required name=search_term_string"}],"inLanguage":"en-US"},{"@type":"ImageObject","@id":"https:\/\/mysun.ch\/shop\/produit\/art-of-sun-black-super-dark-bronzer-15-ml\/#primaryimage","inLanguage":"en-US","url":"https:\/\/i0.wp.com\/mysun.ch\/wp-content\/uploads\/2021\/06\/black_bronzer_sachet_15ml.jpg?fit=600%2C600&ssl=1","contentUrl":"https:\/\/i0.wp.com\/mysun.ch\/wp-content\/uploads\/2021\/06\/black_bronzer_sachet_15ml.jpg?fit=600%2C600&ssl=1","width":600,"height":600},{"@type":"WebPage","@id":"https:\/\/mysun.ch\/shop\/produit\/art-of-sun-black-super-dark-bronzer-15-ml\/#webpage","url":"https:\/\/mysun.ch\/shop\/produit\/art-of-sun-black-super-dark-bronzer-15-ml\/","name":"Art of Sun Black super dark bronzer 15 ml - My Sun Solarium","isPartOf":{"@id":"https:\/\/mysun.ch\/#website"},"primaryImageOfPage":{"@id":"https:\/\/mysun.ch\/shop\/produit\/art-of-sun-black-super-dark-bronzer-15-ml\/#primaryimage"},"datePublished":"2021-06-14T10:16:10+00:00","dateModified":"2025-02-20T16:51:16+00:00","breadcrumb":{"@id":"https:\/\/mysun.ch\/shop\/produit\/art-of-sun-black-super-dark-bronzer-15-ml\/#breadcrumb"},"inLanguage":"en-US","potentialAction":[{"@type":"ReadAction","target":["https:\/\/mysun.ch\/shop\/produit\/art-of-sun-black-super-dark-bronzer-15-ml\/"]}]},{"@type":"BreadcrumbList","@id":"https:\/\/mysun.ch\/shop\/produit\/art-of-sun-black-super-dark-bronzer-15-ml\/#breadcrumb","itemListElement":[{"@type":"ListItem","position":1,"name":"Home","item":"https:\/\/mysun.ch\/"},{"@type":"ListItem","position":2,"name":"Shop","item":"https:\/\/mysun.ch\/shop\/"},{"@type":"ListItem","position":3,"name":"Art of Sun Black super dark bronzer 15 ml"}]}]}},"_links":{"self":[{"href":"https:\/\/mysun.ch\/en\/wp-json\/wp\/v2\/product\/3508"}],"collection":[{"href":"https:\/\/mysun.ch\/en\/wp-json\/wp\/v2\/product"}],"about":[{"href":"https:\/\/mysun.ch\/en\/wp-json\/wp\/v2\/types\/product"}],"replies":[{"embeddable":true,"href":"https:\/\/mysun.ch\/en\/wp-json\/wp\/v2\/comments?post=3508"}],"wp:featuredmedia":[{"embeddable":true,"href":"https:\/\/mysun.ch\/en\/wp-json\/wp\/v2\/media\/3509"}],"wp:attachment":[{"href":"https:\/\/mysun.ch\/en\/wp-json\/wp\/v2\/media?parent=3508"}],"wp:term":[{"taxonomy":"product_cat","embeddable":true,"href":"https:\/\/mysun.ch\/en\/wp-json\/wp\/v2\/product_cat?post=3508"},{"taxonomy":"product_tag","embeddable":true,"href":"https:\/\/mysun.ch\/en\/wp-json\/wp\/v2\/product_tag?post=3508"}],"curies":[{"name":"wp","href":"https:\/\/api.w.org\/{rel}","templated":true}]}}