{"id":3534,"date":"2021-06-14T14:17:00","date_gmt":"2021-06-14T12:17:00","guid":{"rendered":"http:\/\/mysun.start\/?post_type=product&#038;p=3534"},"modified":"2022-08-07T12:37:22","modified_gmt":"2022-08-07T10:37:22","slug":"art-of-sun-tinted-tequila-deep-tanning-lotion-mit-bronzer-15-ml","status":"publish","type":"product","link":"https:\/\/mysun.ch\/en\/shop\/produit\/art-of-sun-tinted-tequila-deep-tanning-lotion-mit-bronzer-15-ml\/","title":{"rendered":"Art of Sun Tinted Tequila Deep Tanning Lotion mit Bronzer 15 ml"},"content":{"rendered":"<p>Art of Sun Tequila Tequila Tequila Lotion Bronzante Profonde avec Bronzer 15 ml<\/p>\n<p>Votre bronzage profond enviable est garanti par le produit haut de gamme Deep Tanning Lotion avec Bronzer. Avec cette lotion, vous activez, approfondissez et allongez le processus de bronzage en combinaison avec la poudre bronzante (DHA), la tyrosine et la m\u00e9lanine et intensifiez ainsi le r\u00e9sultat. Des ingr\u00e9dients de haute qualit\u00e9 tels que l&rsquo;agave, l&rsquo;avocat, le beurre de karit\u00e9 et l&rsquo;aloe vera nourrissent votre peau et prennent soin de la peau pendant le bronzage.<\/p>\n<p>Ingr\u00e9dients pr\u00e9cieux pour les soins de la peau et le soutien du bronzage en un coup d&rsquo;\u0153il :<\/p>\n<p>-Performance de bronzage extr\u00eamement forte : autobronzant de haute qualit\u00e9 (DHA) qui offre \u00e0 votre peau un bronzage<br \/>\nuniforme -Tyrosine &#8211; augmente la production de m\u00e9lanine pigmentaire du corps<br \/>\n-M\u00e9lanine &#8211; favorise intens\u00e9ment le bronzage de la peau gr\u00e2ce \u00e0 l&rsquo;action de la lumi\u00e8re UV<br \/>\n-Agave &#8211; anti-inflammatoire et hydratant<br \/>\n-Avocat &#8211; soin de la peau et hydratation<br \/>\n-Beurre de karit\u00e9 &#8211; contrecarre efficacement le dess\u00e8chement de la peau<br \/>\n-Aloe Vera &#8211; stimule le collag\u00e8ne et l&rsquo;\u00e9lastine la synth\u00e8se des fibres et apaise la peau<br \/>\n-GREEN th\u00e9 &#8211; soutient la protection cellulaire<br \/>\n-Sunflower huile &#8211; am\u00e9liore l&rsquo;\u00e9lasticit\u00e9 de la peau<\/p>\n<p>particularit\u00e9 : parab\u00e8nes sans<\/p>\n<p>application : Appliquer uniform\u00e9ment sur la peau avant le bronzage. Lavez-vous ensuite les mains. Uniquement pour usage externe.<\/p>\n<p>Content : 15 ml<\/p>","protected":false},"excerpt":{"rendered":"<p>Art of Sun Tequila Tequila Tequila Lotion Bronzante Profonde avec Bronzer 15 ml Votre bronzage profond enviable est garanti par le produit haut de gamme Deep Tanning Lotion avec Bronzer. Avec cette lotion, vous activez, approfondissez et allongez le processus de bronzage en combinaison avec la poudre bronzante (DHA), la tyrosine et la m\u00e9lanine et&#8230;<\/p>","protected":false},"featured_media":3535,"comment_status":"open","ping_status":"closed","template":"","meta":{"_mi_skip_tracking":false,"_kad_post_transparent":"default","_kad_post_title":"","_kad_post_layout":"default","_kad_post_sidebar_id":"","_kad_post_content_style":"default","_kad_post_vertical_padding":"default","_kad_post_feature":"","_kad_post_feature_position":"","_kad_post_header":false,"_kad_post_footer":false,"spay_email":""},"product_cat":[84],"product_tag":[],"acf":[],"yoast_head":"<!-- This site is optimized with the Yoast SEO plugin v18.3 - https:\/\/yoast.com\/wordpress\/plugins\/seo\/ -->\n<title>Art of Sun Tinted Tequila Deep Tanning Lotion mit Bronzer 15 ml - My Sun Solarium<\/title>\n<meta name=\"robots\" content=\"index, follow, max-snippet:-1, max-image-preview:large, max-video-preview:-1\" \/>\n<link rel=\"canonical\" href=\"https:\/\/mysun.ch\/en\/shop\/produit\/art-of-sun-tinted-tequila-deep-tanning-lotion-mit-bronzer-15-ml\/\" \/>\n<meta property=\"og:locale\" content=\"en_US\" \/>\n<meta property=\"og:type\" content=\"article\" \/>\n<meta property=\"og:title\" content=\"Art of Sun Tinted Tequila Deep Tanning Lotion mit Bronzer 15 ml - My Sun Solarium\" \/>\n<meta property=\"og:description\" content=\"Art of Sun Tequila Tequila Tequila Lotion Bronzante Profonde avec Bronzer 15 ml Votre bronzage profond enviable est garanti par le produit haut de gamme Deep Tanning Lotion avec Bronzer. Avec cette lotion, vous activez, approfondissez et allongez le processus de bronzage en combinaison avec la poudre bronzante (DHA), la tyrosine et la m\u00e9lanine et...\" \/>\n<meta property=\"og:url\" content=\"https:\/\/mysun.ch\/en\/shop\/produit\/art-of-sun-tinted-tequila-deep-tanning-lotion-mit-bronzer-15-ml\/\" \/>\n<meta property=\"og:site_name\" content=\"My Sun Solarium\" \/>\n<meta property=\"article:publisher\" content=\"https:\/\/facebook.com\/mysunsolariums\" \/>\n<meta property=\"article:modified_time\" content=\"2022-08-07T10:37:22+00:00\" \/>\n<meta property=\"og:image\" content=\"https:\/\/mysun.ch\/wp-content\/uploads\/2021\/06\/0001405_soliariumo-kremas-tinted-tequila-deep-tanning_600.jpeg\" \/>\n\t<meta property=\"og:image:width\" content=\"600\" \/>\n\t<meta property=\"og:image:height\" content=\"600\" \/>\n\t<meta property=\"og:image:type\" content=\"image\/jpeg\" \/>\n<meta name=\"twitter:card\" content=\"summary_large_image\" \/>\n<meta name=\"twitter:label1\" content=\"Est. reading time\" \/>\n\t<meta name=\"twitter:data1\" content=\"1 minute\" \/>\n<script type=\"application\/ld+json\" class=\"yoast-schema-graph\">{\"@context\":\"https:\/\/schema.org\",\"@graph\":[{\"@type\":\"Organization\",\"@id\":\"https:\/\/mysun.ch\/#organization\",\"name\":\"My Sun AG\",\"url\":\"https:\/\/mysun.ch\/\",\"sameAs\":[\"https:\/\/facebook.com\/mysunsolariums\",\"https:\/\/www.instagram.com\/mysunsolariums\/\"],\"logo\":{\"@type\":\"ImageObject\",\"@id\":\"https:\/\/mysun.ch\/#logo\",\"inLanguage\":\"en-US\",\"url\":\"https:\/\/mysun.ch\/wp-content\/uploads\/2021\/09\/image.png\",\"contentUrl\":\"https:\/\/mysun.ch\/wp-content\/uploads\/2021\/09\/image.png\",\"width\":444,\"height\":200,\"caption\":\"My Sun AG\"},\"image\":{\"@id\":\"https:\/\/mysun.ch\/#logo\"}},{\"@type\":\"WebSite\",\"@id\":\"https:\/\/mysun.ch\/#website\",\"url\":\"https:\/\/mysun.ch\/\",\"name\":\"My Sun Solarium\",\"description\":\"Centre de solarium dans toutes la Suisse\",\"publisher\":{\"@id\":\"https:\/\/mysun.ch\/#organization\"},\"potentialAction\":[{\"@type\":\"SearchAction\",\"target\":{\"@type\":\"EntryPoint\",\"urlTemplate\":\"https:\/\/mysun.ch\/?s={search_term_string}\"},\"query-input\":\"required name=search_term_string\"}],\"inLanguage\":\"en-US\"},{\"@type\":\"ImageObject\",\"@id\":\"https:\/\/mysun.ch\/shop\/produit\/art-of-sun-tinted-tequila-deep-tanning-lotion-mit-bronzer-15-ml\/#primaryimage\",\"inLanguage\":\"en-US\",\"url\":\"https:\/\/i0.wp.com\/mysun.ch\/wp-content\/uploads\/2021\/06\/0001405_soliariumo-kremas-tinted-tequila-deep-tanning_600.jpeg?fit=600%2C600&ssl=1\",\"contentUrl\":\"https:\/\/i0.wp.com\/mysun.ch\/wp-content\/uploads\/2021\/06\/0001405_soliariumo-kremas-tinted-tequila-deep-tanning_600.jpeg?fit=600%2C600&ssl=1\",\"width\":600,\"height\":600},{\"@type\":\"WebPage\",\"@id\":\"https:\/\/mysun.ch\/shop\/produit\/art-of-sun-tinted-tequila-deep-tanning-lotion-mit-bronzer-15-ml\/#webpage\",\"url\":\"https:\/\/mysun.ch\/shop\/produit\/art-of-sun-tinted-tequila-deep-tanning-lotion-mit-bronzer-15-ml\/\",\"name\":\"Art of Sun Tinted Tequila Deep Tanning Lotion mit Bronzer 15 ml - My Sun Solarium\",\"isPartOf\":{\"@id\":\"https:\/\/mysun.ch\/#website\"},\"primaryImageOfPage\":{\"@id\":\"https:\/\/mysun.ch\/shop\/produit\/art-of-sun-tinted-tequila-deep-tanning-lotion-mit-bronzer-15-ml\/#primaryimage\"},\"datePublished\":\"2021-06-14T12:17:00+00:00\",\"dateModified\":\"2022-08-07T10:37:22+00:00\",\"breadcrumb\":{\"@id\":\"https:\/\/mysun.ch\/shop\/produit\/art-of-sun-tinted-tequila-deep-tanning-lotion-mit-bronzer-15-ml\/#breadcrumb\"},\"inLanguage\":\"en-US\",\"potentialAction\":[{\"@type\":\"ReadAction\",\"target\":[\"https:\/\/mysun.ch\/shop\/produit\/art-of-sun-tinted-tequila-deep-tanning-lotion-mit-bronzer-15-ml\/\"]}]},{\"@type\":\"BreadcrumbList\",\"@id\":\"https:\/\/mysun.ch\/shop\/produit\/art-of-sun-tinted-tequila-deep-tanning-lotion-mit-bronzer-15-ml\/#breadcrumb\",\"itemListElement\":[{\"@type\":\"ListItem\",\"position\":1,\"name\":\"Home\",\"item\":\"https:\/\/mysun.ch\/\"},{\"@type\":\"ListItem\",\"position\":2,\"name\":\"Shop\",\"item\":\"https:\/\/mysun.ch\/shop\/\"},{\"@type\":\"ListItem\",\"position\":3,\"name\":\"Art of Sun Tinted Tequila Deep Tanning Lotion mit Bronzer 15 ml\"}]}]}<\/script>\n<!-- \/ Yoast SEO plugin. -->","yoast_head_json":{"title":"Art of Sun Tinted Tequila Deep Tanning Lotion mit Bronzer 15 ml - My Sun Solarium","robots":{"index":"index","follow":"follow","max-snippet":"max-snippet:-1","max-image-preview":"max-image-preview:large","max-video-preview":"max-video-preview:-1"},"canonical":"https:\/\/mysun.ch\/en\/shop\/produit\/art-of-sun-tinted-tequila-deep-tanning-lotion-mit-bronzer-15-ml\/","og_locale":"en_US","og_type":"article","og_title":"Art of Sun Tinted Tequila Deep Tanning Lotion mit Bronzer 15 ml - My Sun Solarium","og_description":"Art of Sun Tequila Tequila Tequila Lotion Bronzante Profonde avec Bronzer 15 ml Votre bronzage profond enviable est garanti par le produit haut de gamme Deep Tanning Lotion avec Bronzer. Avec cette lotion, vous activez, approfondissez et allongez le processus de bronzage en combinaison avec la poudre bronzante (DHA), la tyrosine et la m\u00e9lanine et...","og_url":"https:\/\/mysun.ch\/en\/shop\/produit\/art-of-sun-tinted-tequila-deep-tanning-lotion-mit-bronzer-15-ml\/","og_site_name":"My Sun Solarium","article_publisher":"https:\/\/facebook.com\/mysunsolariums","article_modified_time":"2022-08-07T10:37:22+00:00","og_image":[{"width":600,"height":600,"url":"https:\/\/mysun.ch\/wp-content\/uploads\/2021\/06\/0001405_soliariumo-kremas-tinted-tequila-deep-tanning_600.jpeg","type":"image\/jpeg"}],"twitter_card":"summary_large_image","twitter_misc":{"Est. reading time":"1 minute"},"schema":{"@context":"https:\/\/schema.org","@graph":[{"@type":"Organization","@id":"https:\/\/mysun.ch\/#organization","name":"My Sun AG","url":"https:\/\/mysun.ch\/","sameAs":["https:\/\/facebook.com\/mysunsolariums","https:\/\/www.instagram.com\/mysunsolariums\/"],"logo":{"@type":"ImageObject","@id":"https:\/\/mysun.ch\/#logo","inLanguage":"en-US","url":"https:\/\/mysun.ch\/wp-content\/uploads\/2021\/09\/image.png","contentUrl":"https:\/\/mysun.ch\/wp-content\/uploads\/2021\/09\/image.png","width":444,"height":200,"caption":"My Sun AG"},"image":{"@id":"https:\/\/mysun.ch\/#logo"}},{"@type":"WebSite","@id":"https:\/\/mysun.ch\/#website","url":"https:\/\/mysun.ch\/","name":"My Sun Solarium","description":"Centre de solarium dans toutes la Suisse","publisher":{"@id":"https:\/\/mysun.ch\/#organization"},"potentialAction":[{"@type":"SearchAction","target":{"@type":"EntryPoint","urlTemplate":"https:\/\/mysun.ch\/?s={search_term_string}"},"query-input":"required name=search_term_string"}],"inLanguage":"en-US"},{"@type":"ImageObject","@id":"https:\/\/mysun.ch\/shop\/produit\/art-of-sun-tinted-tequila-deep-tanning-lotion-mit-bronzer-15-ml\/#primaryimage","inLanguage":"en-US","url":"https:\/\/i0.wp.com\/mysun.ch\/wp-content\/uploads\/2021\/06\/0001405_soliariumo-kremas-tinted-tequila-deep-tanning_600.jpeg?fit=600%2C600&ssl=1","contentUrl":"https:\/\/i0.wp.com\/mysun.ch\/wp-content\/uploads\/2021\/06\/0001405_soliariumo-kremas-tinted-tequila-deep-tanning_600.jpeg?fit=600%2C600&ssl=1","width":600,"height":600},{"@type":"WebPage","@id":"https:\/\/mysun.ch\/shop\/produit\/art-of-sun-tinted-tequila-deep-tanning-lotion-mit-bronzer-15-ml\/#webpage","url":"https:\/\/mysun.ch\/shop\/produit\/art-of-sun-tinted-tequila-deep-tanning-lotion-mit-bronzer-15-ml\/","name":"Art of Sun Tinted Tequila Deep Tanning Lotion mit Bronzer 15 ml - My Sun Solarium","isPartOf":{"@id":"https:\/\/mysun.ch\/#website"},"primaryImageOfPage":{"@id":"https:\/\/mysun.ch\/shop\/produit\/art-of-sun-tinted-tequila-deep-tanning-lotion-mit-bronzer-15-ml\/#primaryimage"},"datePublished":"2021-06-14T12:17:00+00:00","dateModified":"2022-08-07T10:37:22+00:00","breadcrumb":{"@id":"https:\/\/mysun.ch\/shop\/produit\/art-of-sun-tinted-tequila-deep-tanning-lotion-mit-bronzer-15-ml\/#breadcrumb"},"inLanguage":"en-US","potentialAction":[{"@type":"ReadAction","target":["https:\/\/mysun.ch\/shop\/produit\/art-of-sun-tinted-tequila-deep-tanning-lotion-mit-bronzer-15-ml\/"]}]},{"@type":"BreadcrumbList","@id":"https:\/\/mysun.ch\/shop\/produit\/art-of-sun-tinted-tequila-deep-tanning-lotion-mit-bronzer-15-ml\/#breadcrumb","itemListElement":[{"@type":"ListItem","position":1,"name":"Home","item":"https:\/\/mysun.ch\/"},{"@type":"ListItem","position":2,"name":"Shop","item":"https:\/\/mysun.ch\/shop\/"},{"@type":"ListItem","position":3,"name":"Art of Sun Tinted Tequila Deep Tanning Lotion mit Bronzer 15 ml"}]}]}},"_links":{"self":[{"href":"https:\/\/mysun.ch\/en\/wp-json\/wp\/v2\/product\/3534"}],"collection":[{"href":"https:\/\/mysun.ch\/en\/wp-json\/wp\/v2\/product"}],"about":[{"href":"https:\/\/mysun.ch\/en\/wp-json\/wp\/v2\/types\/product"}],"replies":[{"embeddable":true,"href":"https:\/\/mysun.ch\/en\/wp-json\/wp\/v2\/comments?post=3534"}],"wp:featuredmedia":[{"embeddable":true,"href":"https:\/\/mysun.ch\/en\/wp-json\/wp\/v2\/media\/3535"}],"wp:attachment":[{"href":"https:\/\/mysun.ch\/en\/wp-json\/wp\/v2\/media?parent=3534"}],"wp:term":[{"taxonomy":"product_cat","embeddable":true,"href":"https:\/\/mysun.ch\/en\/wp-json\/wp\/v2\/product_cat?post=3534"},{"taxonomy":"product_tag","embeddable":true,"href":"https:\/\/mysun.ch\/en\/wp-json\/wp\/v2\/product_tag?post=3534"}],"curies":[{"name":"wp","href":"https:\/\/api.w.org\/{rel}","templated":true}]}}