{"id":4403,"date":"2021-09-27T14:57:14","date_gmt":"2021-09-27T12:57:14","guid":{"rendered":"http:\/\/mysun.start\/?post_type=product&#038;p=4403"},"modified":"2025-02-20T17:53:46","modified_gmt":"2025-02-20T16:53:46","slug":"lunettes-de-protection-uv-vert","status":"publish","type":"product","link":"https:\/\/mysun.ch\/en\/shop\/produit\/lunettes-de-protection-uv-vert\/","title":{"rendered":"UV Goggles - Green"},"content":{"rendered":"<p>Lunettes pour solarium Lunettes UV vert.<\/p>\n<p>Les protections oculaires sont utilis\u00e9es exclusivement pour prot\u00e9ger contre les rayons ultraviolets recommand\u00e9es pour les lampes solaires, les solariums et les sources de rayonnement UV m\u00e9dical. Ces lunettes de bronzage absorbent compl\u00e8tement les rayons UV nocifs pour les yeux. Ces lunettes de protection UV r\u00e9pondent aux exigences des directives europ\u00e9ennes. DIN EN 170.<\/p>\n<p>Homologu\u00e9 CE.<\/p>","protected":false},"excerpt":{"rendered":"<p>Solarium goggles Green UV goggles. The eye protection is used exclusively to protect against ultraviolet rays recommended for sun lamps, solariums and medical UV radiation sources. These sunglasses completely absorb UV rays that are harmful to the eyes. These UV protective glasses meet the requirements of the guidelines...<\/p>","protected":false},"featured_media":4404,"comment_status":"closed","ping_status":"closed","template":"","meta":{"_mi_skip_tracking":false,"_kad_post_transparent":"default","_kad_post_title":"","_kad_post_layout":"default","_kad_post_sidebar_id":"","_kad_post_content_style":"default","_kad_post_vertical_padding":"default","_kad_post_feature":"","_kad_post_feature_position":"","_kad_post_header":false,"_kad_post_footer":false,"spay_email":""},"product_cat":[93,92],"product_tag":[],"acf":[],"yoast_head":"<!-- This site is optimized with the Yoast SEO plugin v18.3 - https:\/\/yoast.com\/wordpress\/plugins\/seo\/ -->\n<title>Lunettes de protection UV \u2013 Vert - My Sun Solarium<\/title>\n<meta name=\"robots\" content=\"index, follow, max-snippet:-1, max-image-preview:large, max-video-preview:-1\" \/>\n<link rel=\"canonical\" href=\"https:\/\/mysun.ch\/en\/shop\/produit\/lunettes-de-protection-uv-vert\/\" \/>\n<meta property=\"og:locale\" content=\"en_US\" \/>\n<meta property=\"og:type\" content=\"article\" \/>\n<meta property=\"og:title\" content=\"Lunettes de protection UV \u2013 Vert - My Sun Solarium\" \/>\n<meta property=\"og:description\" content=\"Lunettes pour solarium Lunettes UV vert. Les protections oculaires sont utilis\u00e9es exclusivement pour prot\u00e9ger contre les rayons ultraviolets recommand\u00e9es pour les lampes solaires, les solariums et les sources de rayonnement UV m\u00e9dical. Ces lunettes de bronzage absorbent compl\u00e8tement les rayons UV nocifs pour les yeux. Ces lunettes de protection UV r\u00e9pondent aux exigences des directives...\" \/>\n<meta property=\"og:url\" content=\"https:\/\/mysun.ch\/en\/shop\/produit\/lunettes-de-protection-uv-vert\/\" \/>\n<meta property=\"og:site_name\" content=\"My Sun Solarium\" \/>\n<meta property=\"article:publisher\" content=\"https:\/\/facebook.com\/mysunsolariums\" \/>\n<meta property=\"article:modified_time\" content=\"2025-02-20T16:53:46+00:00\" \/>\n<meta property=\"og:image\" content=\"https:\/\/i0.wp.com\/mysun.ch\/wp-content\/uploads\/2021\/09\/lunette-vert-elastique.jpg?fit=400%2C400&#038;ssl=1\" \/>\n\t<meta property=\"og:image:width\" content=\"400\" \/>\n\t<meta property=\"og:image:height\" content=\"400\" \/>\n\t<meta property=\"og:image:type\" content=\"image\/jpeg\" \/>\n<meta name=\"twitter:card\" content=\"summary_large_image\" \/>\n<meta name=\"twitter:label1\" content=\"Est. reading time\" \/>\n\t<meta name=\"twitter:data1\" content=\"1 minute\" \/>\n<script type=\"application\/ld+json\" class=\"yoast-schema-graph\">{\"@context\":\"https:\/\/schema.org\",\"@graph\":[{\"@type\":\"Organization\",\"@id\":\"https:\/\/mysun.ch\/#organization\",\"name\":\"My Sun AG\",\"url\":\"https:\/\/mysun.ch\/\",\"sameAs\":[\"https:\/\/facebook.com\/mysunsolariums\",\"https:\/\/www.instagram.com\/mysunsolariums\/\"],\"logo\":{\"@type\":\"ImageObject\",\"@id\":\"https:\/\/mysun.ch\/#logo\",\"inLanguage\":\"en-US\",\"url\":\"https:\/\/mysun.ch\/wp-content\/uploads\/2021\/09\/image.png\",\"contentUrl\":\"https:\/\/mysun.ch\/wp-content\/uploads\/2021\/09\/image.png\",\"width\":444,\"height\":200,\"caption\":\"My Sun AG\"},\"image\":{\"@id\":\"https:\/\/mysun.ch\/#logo\"}},{\"@type\":\"WebSite\",\"@id\":\"https:\/\/mysun.ch\/#website\",\"url\":\"https:\/\/mysun.ch\/\",\"name\":\"My Sun Solarium\",\"description\":\"Centre de solarium dans toutes la Suisse\",\"publisher\":{\"@id\":\"https:\/\/mysun.ch\/#organization\"},\"potentialAction\":[{\"@type\":\"SearchAction\",\"target\":{\"@type\":\"EntryPoint\",\"urlTemplate\":\"https:\/\/mysun.ch\/?s={search_term_string}\"},\"query-input\":\"required name=search_term_string\"}],\"inLanguage\":\"en-US\"},{\"@type\":\"ImageObject\",\"@id\":\"https:\/\/mysun.ch\/shop\/produit\/lunettes-de-protection-uv-vert\/#primaryimage\",\"inLanguage\":\"en-US\",\"url\":\"https:\/\/i0.wp.com\/mysun.ch\/wp-content\/uploads\/2021\/09\/lunette-vert-elastique.jpg?fit=400%2C400&ssl=1\",\"contentUrl\":\"https:\/\/i0.wp.com\/mysun.ch\/wp-content\/uploads\/2021\/09\/lunette-vert-elastique.jpg?fit=400%2C400&ssl=1\",\"width\":400,\"height\":400},{\"@type\":\"WebPage\",\"@id\":\"https:\/\/mysun.ch\/shop\/produit\/lunettes-de-protection-uv-vert\/#webpage\",\"url\":\"https:\/\/mysun.ch\/shop\/produit\/lunettes-de-protection-uv-vert\/\",\"name\":\"Lunettes de protection UV \u2013 Vert - My Sun Solarium\",\"isPartOf\":{\"@id\":\"https:\/\/mysun.ch\/#website\"},\"primaryImageOfPage\":{\"@id\":\"https:\/\/mysun.ch\/shop\/produit\/lunettes-de-protection-uv-vert\/#primaryimage\"},\"datePublished\":\"2021-09-27T12:57:14+00:00\",\"dateModified\":\"2025-02-20T16:53:46+00:00\",\"breadcrumb\":{\"@id\":\"https:\/\/mysun.ch\/shop\/produit\/lunettes-de-protection-uv-vert\/#breadcrumb\"},\"inLanguage\":\"en-US\",\"potentialAction\":[{\"@type\":\"ReadAction\",\"target\":[\"https:\/\/mysun.ch\/shop\/produit\/lunettes-de-protection-uv-vert\/\"]}]},{\"@type\":\"BreadcrumbList\",\"@id\":\"https:\/\/mysun.ch\/shop\/produit\/lunettes-de-protection-uv-vert\/#breadcrumb\",\"itemListElement\":[{\"@type\":\"ListItem\",\"position\":1,\"name\":\"Home\",\"item\":\"https:\/\/mysun.ch\/\"},{\"@type\":\"ListItem\",\"position\":2,\"name\":\"Shop\",\"item\":\"https:\/\/mysun.ch\/shop\/\"},{\"@type\":\"ListItem\",\"position\":3,\"name\":\"Lunettes de protection UV \u2013 Vert\"}]}]}<\/script>\n<!-- \/ Yoast SEO plugin. -->","yoast_head_json":{"title":"Lunettes de protection UV \u2013 Vert - My Sun Solarium","robots":{"index":"index","follow":"follow","max-snippet":"max-snippet:-1","max-image-preview":"max-image-preview:large","max-video-preview":"max-video-preview:-1"},"canonical":"https:\/\/mysun.ch\/en\/shop\/produit\/lunettes-de-protection-uv-vert\/","og_locale":"en_US","og_type":"article","og_title":"Lunettes de protection UV \u2013 Vert - My Sun Solarium","og_description":"Lunettes pour solarium Lunettes UV vert. Les protections oculaires sont utilis\u00e9es exclusivement pour prot\u00e9ger contre les rayons ultraviolets recommand\u00e9es pour les lampes solaires, les solariums et les sources de rayonnement UV m\u00e9dical. Ces lunettes de bronzage absorbent compl\u00e8tement les rayons UV nocifs pour les yeux. Ces lunettes de protection UV r\u00e9pondent aux exigences des directives...","og_url":"https:\/\/mysun.ch\/en\/shop\/produit\/lunettes-de-protection-uv-vert\/","og_site_name":"My Sun Solarium","article_publisher":"https:\/\/facebook.com\/mysunsolariums","article_modified_time":"2025-02-20T16:53:46+00:00","og_image":[{"width":400,"height":400,"url":"https:\/\/i0.wp.com\/mysun.ch\/wp-content\/uploads\/2021\/09\/lunette-vert-elastique.jpg?fit=400%2C400&ssl=1","type":"image\/jpeg"}],"twitter_card":"summary_large_image","twitter_misc":{"Est. reading time":"1 minute"},"schema":{"@context":"https:\/\/schema.org","@graph":[{"@type":"Organization","@id":"https:\/\/mysun.ch\/#organization","name":"My Sun AG","url":"https:\/\/mysun.ch\/","sameAs":["https:\/\/facebook.com\/mysunsolariums","https:\/\/www.instagram.com\/mysunsolariums\/"],"logo":{"@type":"ImageObject","@id":"https:\/\/mysun.ch\/#logo","inLanguage":"en-US","url":"https:\/\/mysun.ch\/wp-content\/uploads\/2021\/09\/image.png","contentUrl":"https:\/\/mysun.ch\/wp-content\/uploads\/2021\/09\/image.png","width":444,"height":200,"caption":"My Sun AG"},"image":{"@id":"https:\/\/mysun.ch\/#logo"}},{"@type":"WebSite","@id":"https:\/\/mysun.ch\/#website","url":"https:\/\/mysun.ch\/","name":"My Sun Solarium","description":"Centre de solarium dans toutes la Suisse","publisher":{"@id":"https:\/\/mysun.ch\/#organization"},"potentialAction":[{"@type":"SearchAction","target":{"@type":"EntryPoint","urlTemplate":"https:\/\/mysun.ch\/?s={search_term_string}"},"query-input":"required name=search_term_string"}],"inLanguage":"en-US"},{"@type":"ImageObject","@id":"https:\/\/mysun.ch\/shop\/produit\/lunettes-de-protection-uv-vert\/#primaryimage","inLanguage":"en-US","url":"https:\/\/i0.wp.com\/mysun.ch\/wp-content\/uploads\/2021\/09\/lunette-vert-elastique.jpg?fit=400%2C400&ssl=1","contentUrl":"https:\/\/i0.wp.com\/mysun.ch\/wp-content\/uploads\/2021\/09\/lunette-vert-elastique.jpg?fit=400%2C400&ssl=1","width":400,"height":400},{"@type":"WebPage","@id":"https:\/\/mysun.ch\/shop\/produit\/lunettes-de-protection-uv-vert\/#webpage","url":"https:\/\/mysun.ch\/shop\/produit\/lunettes-de-protection-uv-vert\/","name":"Lunettes de protection UV \u2013 Vert - My Sun Solarium","isPartOf":{"@id":"https:\/\/mysun.ch\/#website"},"primaryImageOfPage":{"@id":"https:\/\/mysun.ch\/shop\/produit\/lunettes-de-protection-uv-vert\/#primaryimage"},"datePublished":"2021-09-27T12:57:14+00:00","dateModified":"2025-02-20T16:53:46+00:00","breadcrumb":{"@id":"https:\/\/mysun.ch\/shop\/produit\/lunettes-de-protection-uv-vert\/#breadcrumb"},"inLanguage":"en-US","potentialAction":[{"@type":"ReadAction","target":["https:\/\/mysun.ch\/shop\/produit\/lunettes-de-protection-uv-vert\/"]}]},{"@type":"BreadcrumbList","@id":"https:\/\/mysun.ch\/shop\/produit\/lunettes-de-protection-uv-vert\/#breadcrumb","itemListElement":[{"@type":"ListItem","position":1,"name":"Home","item":"https:\/\/mysun.ch\/"},{"@type":"ListItem","position":2,"name":"Shop","item":"https:\/\/mysun.ch\/shop\/"},{"@type":"ListItem","position":3,"name":"Lunettes de protection UV \u2013 Vert"}]}]}},"_links":{"self":[{"href":"https:\/\/mysun.ch\/en\/wp-json\/wp\/v2\/product\/4403"}],"collection":[{"href":"https:\/\/mysun.ch\/en\/wp-json\/wp\/v2\/product"}],"about":[{"href":"https:\/\/mysun.ch\/en\/wp-json\/wp\/v2\/types\/product"}],"replies":[{"embeddable":true,"href":"https:\/\/mysun.ch\/en\/wp-json\/wp\/v2\/comments?post=4403"}],"wp:featuredmedia":[{"embeddable":true,"href":"https:\/\/mysun.ch\/en\/wp-json\/wp\/v2\/media\/4404"}],"wp:attachment":[{"href":"https:\/\/mysun.ch\/en\/wp-json\/wp\/v2\/media?parent=4403"}],"wp:term":[{"taxonomy":"product_cat","embeddable":true,"href":"https:\/\/mysun.ch\/en\/wp-json\/wp\/v2\/product_cat?post=4403"},{"taxonomy":"product_tag","embeddable":true,"href":"https:\/\/mysun.ch\/en\/wp-json\/wp\/v2\/product_tag?post=4403"}],"curies":[{"name":"wp","href":"https:\/\/api.w.org\/{rel}","templated":true}]}}